{"id":1477,"date":"2017-12-30T11:49:30","date_gmt":"2017-12-30T10:49:30","guid":{"rendered":"http:\/\/www.campeggiotahiti.it\/mappa-del-camping\/"},"modified":"2020-03-13T11:53:52","modified_gmt":"2020-03-13T10:53:52","slug":"mappa-del-camping","status":"publish","type":"page","link":"https:\/\/www.campeggiotahiti.it\/de\/mappa-del-camping\/","title":{"rendered":"ORIENTIERUNGSPLAN VOM CAMPINGPLATZ"},"content":{"rendered":"<div class=\"wpb-content-wrapper\"><p>[vc_row full_width=&#8220;stretch_row_content_no_spaces&#8220; content_placement=&#8220;middle&#8220; bg_type=&#8220;image&#8220; bg_override=&#8220;full&#8220; css=&#8220;.vc_custom_1516986876514{background-image: url(http:\/\/www.campeggiotahiti.it\/wp-content\/uploads\/2018\/01\/camping-header.jpg?id=904) !important;background-position: center !important;background-repeat: no-repeat !important;background-size: contain !important;}&#8220; el_class=&#8220;page-header&#8220;][vc_column][vc_row_inner][vc_column_inner][vc_column_text]<\/p>\n<div id=\"title_prezzi_container\">\n<div class=\"title\">\n<p style=\"padding: 0.9em!important;\">ORIENTIERUNGSPLAN VOM CAMPINGPLATZ<\/p>\n<\/div>\n<\/div>\n<p>[\/vc_column_text][\/vc_column_inner][\/vc_row_inner][\/vc_column][\/vc_row][vc_row][vc_column][vc_empty_space height=&#8220;60px&#8220;][vc_column_text]<\/p>\n<h4 style=\"text-align: center;\"><span style=\"color: #1486bf;\">EIN SCH\u00d6NER CAMPINGPLATZ IN DER TOSKANA AM MEER<br \/>\n<\/span><\/h4>\n<h1 style=\"text-align: center;\">Stellpl\u00e4tze f\u00fcr Zelte, Wohnmobile und Wohnwagen nur wenige Schritte vom Strand von Follonica entfernt<\/h1>\n<p><img loading=\"lazy\" decoding=\"async\" class=\"size-full wp-image-110 aligncenter\" src=\"http:\/\/www.campeggiotahiti.it\/wp-content\/uploads\/2017\/11\/barrette.jpg\" alt=\"\" width=\"74\" height=\"15\" \/>[\/vc_column_text][vc_column_text el_class=&#8220;font_17&#8243;]<span style=\"font-weight: 400;\">Der <\/span><b>Campingplatz Tahiti Follonica<\/b><span style=\"font-weight: 400;\">, im Herzen der Maremma, befindet sich in einem \u00fcber 5 Hektar gro\u00dfen Pinienwald und hat eine beneidenswerte Lage mit direktem Zugang zum Strand. Er ist ideal f\u00fcr Ihren <\/span><b>Meeresurlaub in der Toskana<\/b><span style=\"font-weight: 400;\">, nur wenige Meter entfernt befinden Sie sich vor einem wundersch\u00f6nen Panorama aus feinem Sand, klarem Wasser, sanft abfallenden Meeresb\u00f6den, wo sie am Horizont einige Inseln des toskanischen Archipels wie <\/span><i><span style=\"font-weight: 400;\">Elba, Cerboli, Sparviero<\/span><\/i><span style=\"font-weight: 400;\"> und an klaren Tagen <\/span><i><span style=\"font-weight: 400;\">sogar bis Korsika sehen k\u00f6nnen<\/span><\/i><span style=\"font-weight: 400;\">.<\/span>[\/vc_column_text][vc_empty_space height=&#8220;40px&#8220;][\/vc_column][\/vc_row][vc_row][vc_column][vc_single_image image=&#8220;1641&#8243; img_size=&#8220;full&#8220; alignment=&#8220;center&#8220;][\/vc_column][\/vc_row][vc_row][vc_column width=&#8220;1\/3&#8243;][\/vc_column][vc_column width=&#8220;1\/3&#8243;][vc_column_text]<div class='w3eden'><!-- WPDM Link Template: Default Template -->\n\n<div class=\"link-template-default card mb-2\">\n    <div class=\"card-body\">\n        <div class=\"media\">\n            <div class=\"mr-3 img-48\"><img decoding=\"async\" class=\"wpdm_icon\" alt=\"Icon\"   src=\"http:\/\/www.campeggiotahiti.it\/wp-content\/plugins\/download-manager\/assets\/file-type-icons\/pdf.png\" \/><\/div>\n            <div class=\"media-body\">\n                <h3 class=\"package-title\"><a href='https:\/\/www.campeggiotahiti.it\/de\/download\/mappa-del-camping\/'>Mappa del Camping<\/a><\/h3>\n                <div class=\"text-muted text-small\"><i class=\"fas fa-copy\"><\/i> 1 Datei(en) <i class=\"fas fa-hdd ml-3\"><\/i> 6.55 MB<\/div>\n            <\/div>\n            <div class=\"ml-3\">\n                <a class='wpdm-download-link download-on-click btn btn-primary ' rel='nofollow' href='#' data-downloadurl=\"https:\/\/www.campeggiotahiti.it\/de\/download\/mappa-del-camping\/?wpdmdl=971&refresh=69ea4144188f21776959812\">Clicca questo link per scaricarla<\/a>\n            <\/div>\n        <\/div>\n    <\/div>\n<\/div>\n\n<\/div>[\/vc_column_text][\/vc_column][vc_column width=&#8220;1\/3&#8243;][\/vc_column][\/vc_row][vc_row][vc_column][vc_empty_space height=&#8220;90&#8243;][\/vc_column][\/vc_row][vc_row css=&#8220;.vc_custom_1511175617568{margin-bottom: -140px !important;}&#8220;][vc_column width=&#8220;1\/12&#8243;][\/vc_column][vc_column width=&#8220;10\/12&#8243;][vc_row_inner css=&#8220;.vc_custom_1523360547896{padding-right: 50px !important;padding-left: 50px !important;background-color: #f7a10c !important;}&#8220;][vc_column_inner width=&#8220;2\/3&#8243;][vc_column_text]<span style=\"font-size: 24pt; color: #ffffff;\">ABONNIEREN SIE UNSEREN NEWSLETTER <\/span><\/p>\n<p><span style=\"color: #ffffff;\">UM \u00dcBER NEUIGKEITEN UND ANGEBOTE INFORMIERT ZU WERDEN<\/span>[\/vc_column_text][\/vc_column_inner][vc_column_inner width=&#8220;1\/3&#8243;]<div class=\" vc_custom_1523522688148 ubtn-ctn-right \"><a class=\"ubtn-link ult-adjust-bottom-margin ubtn-right ubtn-normal \" href=\"http:\/\/www.campeggiotahiti.it\/iscrizione-newsletter\/\" ><button type=\"button\" id=\"ubtn-9077\"  class=\"ubtn ult-adjust-bottom-margin ult-responsive ubtn-normal ubtn-no-hover-bg  none  ubtn-right   tooltip-69ea414418f99\"  data-hover=\"\" data-border-color=\"\" data-bg=\"#ffffff\" data-hover-bg=\"\" data-border-hover=\"\" data-shadow-hover=\"\" data-shadow-click=\"none\" data-shadow=\"\" data-shd-shadow=\"\"  data-ultimate-target='#ubtn-9077'  data-responsive-json-new='{\"font-size\":\"\",\"line-height\":\"\"}'  style=\"font-weight:normal;border:none;background: #ffffff;color: #0c0c0c;\"><span class=\"ubtn-hover\" style=\"background-color:\"><\/span><span class=\"ubtn-data ubtn-text \" >MELDEN SIE SICH AN<\/span><\/button><\/a><\/div>[\/vc_column_inner][\/vc_row_inner][\/vc_column][vc_column width=&#8220;1\/12&#8243;][\/vc_column][\/vc_row]<\/p>\n<\/div>","protected":false},"excerpt":{"rendered":"<p>[vc_row full_width=&#8220;stretch_row_content_no_spaces&#8220; content_placement=&#8220;middle&#8220; bg_type=&#8220;image&#8220; bg_override=&#8220;full&#8220; css=&#8220;.vc_custom_1516986876514{background-image: url(http:\/\/www.campeggiotahiti.it\/wp-content\/uploads\/2018\/01\/camping-header.jpg?id=904) !important;background-position: center !important;background-repeat: no-repeat !important;background-size: contain !important;}&#8220; el_class=&#8220;page-header&#8220;][vc_column][vc_row_inner][vc_column_inner][vc_column_text] ORIENTIERUNGSPLAN VOM CAMPINGPLATZ [\/vc_column_text][\/vc_column_inner][\/vc_row_inner][\/vc_column][\/vc_row][vc_row][vc_column][vc_empty_space height=&#8220;60px&#8220;][vc_column_text] EIN SCH\u00d6NER CAMPINGPLATZ IN DER TOSKANA AM MEER Stellpl\u00e4tze f\u00fcr Zelte, Wohnmobile und Wohnwagen nur wenige Schritte vom Strand von Follonica entfernt [\/vc_column_text][vc_column_text el_class=&#8220;font_17&#8243;]Der Campingplatz Tahiti Follonica, im Herzen der Maremma, befindet sich in einem&hellip;<\/p>\n","protected":false},"author":4,"featured_media":0,"parent":0,"menu_order":0,"comment_status":"closed","ping_status":"closed","template":"","meta":[],"class_list":["post-1477","page","type-page","status-publish","hentry","description-off"],"_links":{"self":[{"href":"https:\/\/www.campeggiotahiti.it\/de\/wp-json\/wp\/v2\/pages\/1477","targetHints":{"allow":["GET"]}}],"collection":[{"href":"https:\/\/www.campeggiotahiti.it\/de\/wp-json\/wp\/v2\/pages"}],"about":[{"href":"https:\/\/www.campeggiotahiti.it\/de\/wp-json\/wp\/v2\/types\/page"}],"author":[{"embeddable":true,"href":"https:\/\/www.campeggiotahiti.it\/de\/wp-json\/wp\/v2\/users\/4"}],"replies":[{"embeddable":true,"href":"https:\/\/www.campeggiotahiti.it\/de\/wp-json\/wp\/v2\/comments?post=1477"}],"version-history":[{"count":6,"href":"https:\/\/www.campeggiotahiti.it\/de\/wp-json\/wp\/v2\/pages\/1477\/revisions"}],"predecessor-version":[{"id":1645,"href":"https:\/\/www.campeggiotahiti.it\/de\/wp-json\/wp\/v2\/pages\/1477\/revisions\/1645"}],"wp:attachment":[{"href":"https:\/\/www.campeggiotahiti.it\/de\/wp-json\/wp\/v2\/media?parent=1477"}],"curies":[{"name":"wp","href":"https:\/\/api.w.org\/{rel}","templated":true}]}}