{"id":1465,"date":"2018-01-23T17:55:41","date_gmt":"2018-01-23T16:55:41","guid":{"rendered":"http:\/\/www.campeggiotahiti.it\/servizi\/"},"modified":"2026-04-09T22:22:12","modified_gmt":"2026-04-09T20:22:12","slug":"servizi","status":"publish","type":"page","link":"https:\/\/www.campeggiotahiti.it\/de\/servizi\/","title":{"rendered":"SERVICES"},"content":{"rendered":"<div class=\"wpb-content-wrapper\"><p>[vc_row full_width=&#8220;stretch_row_content_no_spaces&#8220; content_placement=&#8220;middle&#8220; bg_type=&#8220;image&#8220; bg_override=&#8220;full&#8220; css=&#8220;.vc_custom_1516986851804{background-image: url(http:\/\/www.campeggiotahiti.it\/wp-content\/uploads\/2018\/01\/camping-header.jpg?id=904) !important;background-position: center !important;background-repeat: no-repeat !important;background-size: contain !important;}&#8220; el_class=&#8220;page-header&#8220;][vc_column][vc_row_inner][vc_column_inner][vc_column_text]<\/p>\n<div id=\"title_prezzi_container\">\n<div class=\"title\">\n<p style=\"padding: 0.9em!important;\">SERVICES<\/p>\n<\/div>\n<\/div>\n<p>[\/vc_column_text][\/vc_column_inner][\/vc_row_inner][\/vc_column][\/vc_row][vc_row full_width=&#8220;stretch_row_content_no_spaces&#8220;][vc_column el_class=&#8220;padding_lr_130_130&#8243;][vc_empty_space height=&#8220;60px&#8220;][vc_column_text]<\/p>\n<h4 style=\"text-align: center;\"><span style=\"color: #1486bf;\">IHR URLAUB AM MEER IN DER TOSKANA<\/span><\/h4>\n<h1 style=\"text-align: center;\">Eingebettet in das Gr\u00fcn unseres Campingplatzes, nur wenige Schritte vom wundersch\u00f6nen Strand von Follonica entfernt.<\/h1>\n<p style=\"text-align: center;\"><img loading=\"lazy\" decoding=\"async\" class=\"size-full wp-image-110 aligncenter\" src=\"http:\/\/www.campeggiotahiti.it\/wp-content\/uploads\/2017\/11\/barrette.jpg\" alt=\"\" width=\"74\" height=\"15\" \/><\/p>\n<p>[\/vc_column_text][vc_row_inner][vc_column_inner][vc_column_text]<\/p>\n<p style=\"text-align: center;\"><span style=\"font-weight: 400;\">In diesem Bereich unserer Website finden Sie die Dienstleistungen, die wir allen unseren G\u00e4sten anbieten.<\/span><span style=\"font-weight: 400;\"><br \/>\n<\/span><b>Auf unserem Campingplatz akzeptieren wir kleine und mittelgro\u00dfe Hunde und Katzen von der Saisoner\u00f6ffnung bis zum 30.06. und vom 01.09. bis zur Saisonende.<\/b><\/p>\n<p>[\/vc_column_text][\/vc_column_inner][\/vc_row_inner][\/vc_column][\/vc_row][vc_row css=&#8220;.vc_custom_1517054402381{margin-top: 150px !important;}&#8220;][vc_column]<div class=\"aio-icon-component   servizi-container style_1\"><div id=\"Info-box-wrap-3949\" class=\"aio-icon-box top-icon\" style=\"\"  ><div class=\"aio-icon-top\"><div class=\"ult-just-icon-wrapper  \"><div class=\"align-icon\" style=\"text-align:center;\">\n<div class=\"aio-icon-img  uavc-circle \" style=\"font-size:42px;background:#f4f4f4;display:inline-block;\" data-animation=\"swing\" data-animation-delay=\"03\">\n\t<img decoding=\"async\" class=\"img-icon\" alt=\"null\" src=\"https:\/\/www.campeggiotahiti.it\/wp-content\/uploads\/2017\/12\/icona-servizi-wifi.png\"\/>\n<\/div><\/div><\/div><\/div><div class=\"aio-icon-header\" ><h3 class=\"aio-icon-title ult-responsive\"  data-ultimate-target='#Info-box-wrap-3949 .aio-icon-title'  data-responsive-json-new='{\"font-size\":\"\",\"line-height\":\"\"}'  style=\"\">Management- und Restaurantbereich<\/h3><\/div> <!-- header --><\/div> <!-- aio-icon-box --><\/div> <!-- aio-icon-component --><div class=\"aio-icon-component   servizi-container style_1\"><div id=\"Info-box-wrap-7583\" class=\"aio-icon-box top-icon\" style=\"\"  ><div class=\"aio-icon-top\"><div class=\"ult-just-icon-wrapper  \"><div class=\"align-icon\" style=\"text-align:center;\">\n<div class=\"aio-icon-img  uavc-circle \" style=\"font-size:42px;background:#f4f4f4;display:inline-block;\" data-animation=\"swing\" data-animation-delay=\"03\">\n\t<img decoding=\"async\" class=\"img-icon\" alt=\"null\" src=\"https:\/\/www.campeggiotahiti.it\/wp-content\/uploads\/2017\/12\/icona-noleggio-bici.png\"\/>\n<\/div><\/div><\/div><\/div><div class=\"aio-icon-header\" ><h3 class=\"aio-icon-title ult-responsive\"  data-ultimate-target='#Info-box-wrap-7583 .aio-icon-title'  data-responsive-json-new='{\"font-size\":\"\",\"line-height\":\"\"}'  style=\"\">Fahrradverleih<\/h3><\/div> <!-- header --><\/div> <!-- aio-icon-box --><\/div> <!-- aio-icon-component --><div class=\"aio-icon-component   servizi-container style_1\"><div id=\"Info-box-wrap-8218\" class=\"aio-icon-box top-icon\" style=\"\"  ><div class=\"aio-icon-top\"><div class=\"ult-just-icon-wrapper  \"><div class=\"align-icon\" style=\"text-align:center;\">\n<div class=\"aio-icon-img  uavc-circle \" style=\"font-size:42px;background:#f4f4f4;display:inline-block;\" data-animation=\"swing\" data-animation-delay=\"03\">\n\t<img decoding=\"async\" class=\"img-icon\" alt=\"null\" src=\"https:\/\/www.campeggiotahiti.it\/wp-content\/uploads\/2017\/12\/icona-ristorante.png\"\/>\n<\/div><\/div><\/div><\/div><div class=\"aio-icon-header\" ><h3 class=\"aio-icon-title ult-responsive\"  data-ultimate-target='#Info-box-wrap-8218 .aio-icon-title'  data-responsive-json-new='{\"font-size\":\"\",\"line-height\":\"\"}'  style=\"\">Restaurant \/ Pizzeria<\/h3><\/div> <!-- header --><\/div> <!-- aio-icon-box --><\/div> <!-- aio-icon-component --><div class=\"aio-icon-component   servizi-container style_1\"><div id=\"Info-box-wrap-2099\" class=\"aio-icon-box top-icon\" style=\"\"  ><div class=\"aio-icon-top\"><div class=\"ult-just-icon-wrapper  \"><div class=\"align-icon\" style=\"text-align:center;\">\n<div class=\"aio-icon-img  uavc-circle \" style=\"font-size:42px;background:#f4f4f4;display:inline-block;\" data-animation=\"swing\" data-animation-delay=\"03\">\n\t<img decoding=\"async\" class=\"img-icon\" alt=\"null\" src=\"https:\/\/www.campeggiotahiti.it\/wp-content\/uploads\/2017\/12\/market.png\"\/>\n<\/div><\/div><\/div><\/div><div class=\"aio-icon-header\" ><h3 class=\"aio-icon-title ult-responsive\"  data-ultimate-target='#Info-box-wrap-2099 .aio-icon-title'  data-responsive-json-new='{\"font-size\":\"\",\"line-height\":\"\"}'  style=\"\">Supermarkt<\/h3><\/div> <!-- header --><\/div> <!-- aio-icon-box --><\/div> <!-- aio-icon-component --><div class=\"aio-icon-component   servizi-container style_1\"><div id=\"Info-box-wrap-3669\" class=\"aio-icon-box top-icon\" style=\"\"  ><div class=\"aio-icon-top\"><div class=\"ult-just-icon-wrapper  \"><div class=\"align-icon\" style=\"text-align:center;\">\n<div class=\"aio-icon-img  uavc-circle \" style=\"font-size:42px;background:#f4f4f4;display:inline-block;\" data-animation=\"swing\" data-animation-delay=\"03\">\n\t<img decoding=\"async\" class=\"img-icon\" alt=\"null\" src=\"https:\/\/www.campeggiotahiti.it\/wp-content\/uploads\/2017\/12\/icona-servizi-bazar.png\"\/>\n<\/div><\/div><\/div><\/div><div class=\"aio-icon-header\" ><h3 class=\"aio-icon-title ult-responsive\"  data-ultimate-target='#Info-box-wrap-3669 .aio-icon-title'  data-responsive-json-new='{\"font-size\":\"\",\"line-height\":\"\"}'  style=\"\">Basar<\/h3><\/div> <!-- header --><\/div> <!-- aio-icon-box --><\/div> <!-- aio-icon-component --><div class=\"aio-icon-component   servizi-container style_1\"><div id=\"Info-box-wrap-8261\" class=\"aio-icon-box top-icon\" style=\"\"  ><div class=\"aio-icon-top\"><div class=\"ult-just-icon-wrapper  \"><div class=\"align-icon\" style=\"text-align:center;\">\n<div class=\"aio-icon-img  uavc-circle \" style=\"font-size:42px;background:#f4f4f4;display:inline-block;\" data-animation=\"swing\" data-animation-delay=\"03\">\n\t<img decoding=\"async\" class=\"img-icon\" alt=\"null\" src=\"https:\/\/www.campeggiotahiti.it\/wp-content\/uploads\/2017\/12\/icona-servizi-bar.png\"\/>\n<\/div><\/div><\/div><\/div><div class=\"aio-icon-header\" ><h3 class=\"aio-icon-title ult-responsive\"  data-ultimate-target='#Info-box-wrap-8261 .aio-icon-title'  data-responsive-json-new='{\"font-size\":\"\",\"line-height\":\"\"}'  style=\"\">Bar<\/h3><\/div> <!-- header --><\/div> <!-- aio-icon-box --><\/div> <!-- aio-icon-component --><div class=\"aio-icon-component   servizi-container style_1\"><div id=\"Info-box-wrap-3520\" class=\"aio-icon-box top-icon\" style=\"\"  ><div class=\"aio-icon-top\"><div class=\"ult-just-icon-wrapper  \"><div class=\"align-icon\" style=\"text-align:center;\">\n<div class=\"aio-icon-img  uavc-circle \" style=\"font-size:42px;background:#f4f4f4;display:inline-block;\" data-animation=\"swing\" data-animation-delay=\"03\">\n\t<img decoding=\"async\" class=\"img-icon\" alt=\"null\" src=\"https:\/\/www.campeggiotahiti.it\/wp-content\/uploads\/2017\/12\/icona-servizi-lavatrici.png\"\/>\n<\/div><\/div><\/div><\/div><div class=\"aio-icon-header\" ><h3 class=\"aio-icon-title ult-responsive\"  data-ultimate-target='#Info-box-wrap-3520 .aio-icon-title'  data-responsive-json-new='{\"font-size\":\"\",\"line-height\":\"\"}'  style=\"\">W\u00e4scherei \/ M\u00fcnztrockner<\/h3><\/div> <!-- header --><\/div> <!-- aio-icon-box --><\/div> <!-- aio-icon-component --><div class=\"aio-icon-component   servizi-container style_1\"><div id=\"Info-box-wrap-2151\" class=\"aio-icon-box top-icon\" style=\"\"  ><div class=\"aio-icon-top\"><div class=\"ult-just-icon-wrapper  \"><div class=\"align-icon\" style=\"text-align:center;\">\n<div class=\"aio-icon-img  uavc-circle \" style=\"font-size:42px;background:#f4f4f4;display:inline-block;\" data-animation=\"swing\" data-animation-delay=\"03\">\n\t<img decoding=\"async\" class=\"img-icon\" alt=\"null\" src=\"https:\/\/www.campeggiotahiti.it\/wp-content\/uploads\/2017\/12\/icona-servizi-animazione.png\"\/>\n<\/div><\/div><\/div><\/div><div class=\"aio-icon-header\" ><h3 class=\"aio-icon-title ult-responsive\"  data-ultimate-target='#Info-box-wrap-2151 .aio-icon-title'  data-responsive-json-new='{\"font-size\":\"\",\"line-height\":\"\"}'  style=\"\">Tages- und Abendanimation (Juli und August)<\/h3><\/div> <!-- header --><\/div> <!-- aio-icon-box --><\/div> <!-- aio-icon-component --><div class=\"aio-icon-component   servizi-container style_1\"><div id=\"Info-box-wrap-2732\" class=\"aio-icon-box top-icon\" style=\"\"  ><div class=\"aio-icon-top\"><div class=\"ult-just-icon-wrapper  \"><div class=\"align-icon\" style=\"text-align:center;\">\n<div class=\"aio-icon-img  uavc-circle \" style=\"font-size:42px;background:#f4f4f4;display:inline-block;\" data-animation=\"swing\" data-animation-delay=\"03\">\n\t<img decoding=\"async\" class=\"img-icon\" alt=\"null\" src=\"https:\/\/www.campeggiotahiti.it\/wp-content\/uploads\/2017\/12\/icona-servizi-cassette-sicurezza.png\"\/>\n<\/div><\/div><\/div><\/div><div class=\"aio-icon-header\" ><h3 class=\"aio-icon-title ult-responsive\"  data-ultimate-target='#Info-box-wrap-2732 .aio-icon-title'  data-responsive-json-new='{\"font-size\":\"\",\"line-height\":\"\"}'  style=\"\">Schlie\u00dff\u00e4cher (auf Anfrage, gegen Aufpreis erh\u00e4ltlich)<\/h3><\/div> <!-- header --><\/div> <!-- aio-icon-box --><\/div> <!-- aio-icon-component --><div class=\"aio-icon-component   servizi-container style_1\"><div id=\"Info-box-wrap-4508\" class=\"aio-icon-box top-icon\" style=\"\"  ><div class=\"aio-icon-top\"><div class=\"ult-just-icon-wrapper  \"><div class=\"align-icon\" style=\"text-align:center;\">\n<div class=\"aio-icon-img  uavc-circle \" style=\"font-size:42px;background:#f4f4f4;display:inline-block;\" data-animation=\"swing\" data-animation-delay=\"03\">\n\t<img decoding=\"async\" class=\"img-icon\" alt=\"null\" src=\"https:\/\/www.campeggiotahiti.it\/wp-content\/uploads\/2017\/12\/icona-servizi-docce-calde-gratuite.png\"\/>\n<\/div><\/div><\/div><\/div><div class=\"aio-icon-header\" ><h3 class=\"aio-icon-title ult-responsive\"  data-ultimate-target='#Info-box-wrap-4508 .aio-icon-title'  data-responsive-json-new='{\"font-size\":\"\",\"line-height\":\"\"}'  style=\"\">Kostenlose warme Duschen<\/h3><\/div> <!-- header --><\/div> <!-- aio-icon-box --><\/div> <!-- aio-icon-component --><div class=\"aio-icon-component   servizi-container style_1\"><div id=\"Info-box-wrap-7250\" class=\"aio-icon-box top-icon\" style=\"\"  ><div class=\"aio-icon-top\"><div class=\"ult-just-icon-wrapper  \"><div class=\"align-icon\" style=\"text-align:center;\">\n<div class=\"aio-icon-img  uavc-circle \" style=\"font-size:42px;background:#f4f4f4;display:inline-block;\" data-animation=\"swing\" data-animation-delay=\"03\">\n\t<img decoding=\"async\" class=\"img-icon\" alt=\"null\" src=\"https:\/\/www.campeggiotahiti.it\/wp-content\/uploads\/2017\/12\/icona-servizi-reception-h24.png\"\/>\n<\/div><\/div><\/div><\/div><div class=\"aio-icon-header\" ><h3 class=\"aio-icon-title ult-responsive\"  data-ultimate-target='#Info-box-wrap-7250 .aio-icon-title'  data-responsive-json-new='{\"font-size\":\"\",\"line-height\":\"\"}'  style=\"\">Die Direktion ist rund um die Uhr ge\u00f6ffnet<\/h3><\/div> <!-- header --><\/div> <!-- aio-icon-box --><\/div> <!-- aio-icon-component --><div class=\"aio-icon-component   servizi-container style_1\"><div id=\"Info-box-wrap-3435\" class=\"aio-icon-box top-icon\" style=\"\"  ><div class=\"aio-icon-top\"><div class=\"ult-just-icon-wrapper  \"><div class=\"align-icon\" style=\"text-align:center;\">\n<div class=\"aio-icon-img  uavc-circle \" style=\"font-size:42px;background:#f4f4f4;display:inline-block;\" data-animation=\"swing\" data-animation-delay=\"03\">\n\t<img decoding=\"async\" class=\"img-icon\" alt=\"null\" src=\"https:\/\/www.campeggiotahiti.it\/wp-content\/uploads\/2017\/12\/icona-servizi-wc-chimico.png\"\/>\n<\/div><\/div><\/div><\/div><div class=\"aio-icon-header\" ><h3 class=\"aio-icon-title ult-responsive\"  data-ultimate-target='#Info-box-wrap-3435 .aio-icon-title'  data-responsive-json-new='{\"font-size\":\"\",\"line-height\":\"\"}'  style=\"\">Chemisches WC<\/h3><\/div> <!-- header --><\/div> <!-- aio-icon-box --><\/div> <!-- aio-icon-component --><div class=\"aio-icon-component   servizi-container style_1\"><div id=\"Info-box-wrap-5713\" class=\"aio-icon-box top-icon\" style=\"\"  ><div class=\"aio-icon-top\"><div class=\"ult-just-icon-wrapper  \"><div class=\"align-icon\" style=\"text-align:center;\">\n<div class=\"aio-icon-img  uavc-circle \" style=\"font-size:42px;background:#f4f4f4;display:inline-block;\" data-animation=\"swing\" data-animation-delay=\"03\">\n\t<img decoding=\"async\" class=\"img-icon\" alt=\"null\" src=\"https:\/\/www.campeggiotahiti.it\/wp-content\/uploads\/2017\/12\/icona-servizi-elettricita-6-ampere.png\"\/>\n<\/div><\/div><\/div><\/div><div class=\"aio-icon-header\" ><h3 class=\"aio-icon-title ult-responsive\"  data-ultimate-target='#Info-box-wrap-5713 .aio-icon-title'  data-responsive-json-new='{\"font-size\":\"\",\"line-height\":\"\"}'  style=\"\">Strom 6 A<\/h3><\/div> <!-- header --><\/div> <!-- aio-icon-box --><\/div> <!-- aio-icon-component --><div class=\"aio-icon-component   servizi-container style_1\"><div id=\"Info-box-wrap-8196\" class=\"aio-icon-box top-icon\" style=\"\"  ><div class=\"aio-icon-top\"><div class=\"ult-just-icon-wrapper  \"><div class=\"align-icon\" style=\"text-align:center;\">\n<div class=\"aio-icon-img  uavc-circle \" style=\"font-size:42px;background:#f4f4f4;display:inline-block;\" data-animation=\"swing\" data-animation-delay=\"03\">\n\t<img decoding=\"async\" class=\"img-icon\" alt=\"null\" src=\"https:\/\/www.campeggiotahiti.it\/wp-content\/uploads\/2017\/12\/icona-servizi-wc-disabili.png\"\/>\n<\/div><\/div><\/div><\/div><div class=\"aio-icon-header\" ><h3 class=\"aio-icon-title ult-responsive\"  data-ultimate-target='#Info-box-wrap-8196 .aio-icon-title'  data-responsive-json-new='{\"font-size\":\"\",\"line-height\":\"\"}'  style=\"\">WC f\u00fcr Behinderte<\/h3><\/div> <!-- header --><\/div> <!-- aio-icon-box --><\/div> <!-- aio-icon-component --><div class=\"aio-icon-component   servizi-container style_1\"><div id=\"Info-box-wrap-6324\" class=\"aio-icon-box top-icon\" style=\"\"  ><div class=\"aio-icon-top\"><div class=\"ult-just-icon-wrapper  \"><div class=\"align-icon\" style=\"text-align:center;\">\n<div class=\"aio-icon-img  uavc-circle \" style=\"font-size:42px;background:#f4f4f4;display:inline-block;\" data-animation=\"swing\" data-animation-delay=\"03\">\n\t<img decoding=\"async\" class=\"img-icon\" alt=\"null\" src=\"https:\/\/www.campeggiotahiti.it\/wp-content\/uploads\/2018\/01\/icona-servizi-parking.png\"\/>\n<\/div><\/div><\/div><\/div><div class=\"aio-icon-header\" ><h3 class=\"aio-icon-title ult-responsive\"  data-ultimate-target='#Info-box-wrap-6324 .aio-icon-title'  data-responsive-json-new='{\"font-size\":\"\",\"line-height\":\"\"}'  style=\"\">Parkplatz<\/h3><\/div> <!-- header --><\/div> <!-- aio-icon-box --><\/div> <!-- aio-icon-component -->[\/vc_column][\/vc_row][vc_row][vc_column][vc_empty_space height=&#8220;90&#8243;][\/vc_column][\/vc_row][vc_row css=&#8220;.vc_custom_1511175617568{margin-bottom: -140px !important;}&#8220;][vc_column width=&#8220;1\/12&#8243;][\/vc_column][vc_column width=&#8220;10\/12&#8243;][vc_row_inner css=&#8220;.vc_custom_1523360547896{padding-right: 50px !important;padding-left: 50px !important;background-color: #f7a10c !important;}&#8220;][vc_column_inner width=&#8220;2\/3&#8243;][vc_column_text]<span style=\"font-size: 24pt; color: #ffffff;\">ABONNIEREN SIE UNSEREN NEWSLETTER <\/span><\/p>\n<p><span style=\"color: #ffffff;\">UM \u00dcBER NEUIGKEITEN UND ANGEBOTE INFORMIERT ZU WERDEN<\/span>[\/vc_column_text][\/vc_column_inner][vc_column_inner width=&#8220;1\/3&#8243;]<div class=\" vc_custom_1523522688148 ubtn-ctn-right \"><a class=\"ubtn-link ult-adjust-bottom-margin ubtn-right ubtn-normal \" href=\"http:\/\/www.campeggiotahiti.it\/iscrizione-newsletter\/\" ><button type=\"button\" id=\"ubtn-6813\"  class=\"ubtn ult-adjust-bottom-margin ult-responsive ubtn-normal ubtn-no-hover-bg  none  ubtn-right   tooltip-69ea412fc8a24\"  data-hover=\"\" data-border-color=\"\" data-bg=\"#ffffff\" data-hover-bg=\"\" data-border-hover=\"\" data-shadow-hover=\"\" data-shadow-click=\"none\" data-shadow=\"\" data-shd-shadow=\"\"  data-ultimate-target='#ubtn-6813'  data-responsive-json-new='{\"font-size\":\"\",\"line-height\":\"\"}'  style=\"font-weight:normal;border:none;background: #ffffff;color: #0c0c0c;\"><span class=\"ubtn-hover\" style=\"background-color:\"><\/span><span class=\"ubtn-data ubtn-text \" >MELDEN SIE SICH AN<\/span><\/button><\/a><\/div>[\/vc_column_inner][\/vc_row_inner][\/vc_column][vc_column width=&#8220;1\/12&#8243;][\/vc_column][\/vc_row]<\/p>\n<\/div>","protected":false},"excerpt":{"rendered":"<p>[vc_row full_width=&#8220;stretch_row_content_no_spaces&#8220; content_placement=&#8220;middle&#8220; bg_type=&#8220;image&#8220; bg_override=&#8220;full&#8220; css=&#8220;.vc_custom_1516986851804{background-image: url(http:\/\/www.campeggiotahiti.it\/wp-content\/uploads\/2018\/01\/camping-header.jpg?id=904) !important;background-position: center !important;background-repeat: no-repeat !important;background-size: contain !important;}&#8220; el_class=&#8220;page-header&#8220;][vc_column][vc_row_inner][vc_column_inner][vc_column_text] SERVICES [\/vc_column_text][\/vc_column_inner][\/vc_row_inner][\/vc_column][\/vc_row][vc_row full_width=&#8220;stretch_row_content_no_spaces&#8220;][vc_column el_class=&#8220;padding_lr_130_130&#8243;][vc_empty_space height=&#8220;60px&#8220;][vc_column_text] IHR URLAUB AM MEER IN DER TOSKANA Eingebettet in das Gr\u00fcn unseres Campingplatzes, nur wenige Schritte vom wundersch\u00f6nen Strand von Follonica entfernt. [\/vc_column_text][vc_row_inner][vc_column_inner][vc_column_text] In diesem Bereich unserer Website finden Sie die Dienstleistungen, die wir allen&hellip;<\/p>\n","protected":false},"author":4,"featured_media":0,"parent":0,"menu_order":0,"comment_status":"closed","ping_status":"closed","template":"","meta":[],"class_list":["post-1465","page","type-page","status-publish","hentry","description-off"],"_links":{"self":[{"href":"https:\/\/www.campeggiotahiti.it\/de\/wp-json\/wp\/v2\/pages\/1465","targetHints":{"allow":["GET"]}}],"collection":[{"href":"https:\/\/www.campeggiotahiti.it\/de\/wp-json\/wp\/v2\/pages"}],"about":[{"href":"https:\/\/www.campeggiotahiti.it\/de\/wp-json\/wp\/v2\/types\/page"}],"author":[{"embeddable":true,"href":"https:\/\/www.campeggiotahiti.it\/de\/wp-json\/wp\/v2\/users\/4"}],"replies":[{"embeddable":true,"href":"https:\/\/www.campeggiotahiti.it\/de\/wp-json\/wp\/v2\/comments?post=1465"}],"version-history":[{"count":3,"href":"https:\/\/www.campeggiotahiti.it\/de\/wp-json\/wp\/v2\/pages\/1465\/revisions"}],"predecessor-version":[{"id":2106,"href":"https:\/\/www.campeggiotahiti.it\/de\/wp-json\/wp\/v2\/pages\/1465\/revisions\/2106"}],"wp:attachment":[{"href":"https:\/\/www.campeggiotahiti.it\/de\/wp-json\/wp\/v2\/media?parent=1465"}],"curies":[{"name":"wp","href":"https:\/\/api.w.org\/{rel}","templated":true}]}}