{"id":1462,"date":"2017-12-02T11:52:55","date_gmt":"2017-12-02T10:52:55","guid":{"rendered":"http:\/\/www.campeggiotahiti.it\/listino-prezzi\/"},"modified":"2026-04-14T08:39:22","modified_gmt":"2026-04-14T06:39:22","slug":"listino-prezzi","status":"publish","type":"page","link":"https:\/\/www.campeggiotahiti.it\/de\/listino-prezzi\/","title":{"rendered":"PREISE"},"content":{"rendered":"<div class=\"wpb-content-wrapper\"><p>[vc_row full_width=&#8220;stretch_row_content_no_spaces&#8220; content_placement=&#8220;middle&#8220; bg_type=&#8220;image&#8220; bg_override=&#8220;full&#8220; css=&#8220;.vc_custom_1516986851804{background-image: url(http:\/\/www.campeggiotahiti.it\/wp-content\/uploads\/2018\/01\/camping-header.jpg?id=904) !important;background-position: center !important;background-repeat: no-repeat !important;background-size: contain !important;}&#8220; el_class=&#8220;page-header&#8220;][vc_column][vc_row_inner][vc_column_inner][vc_column_text]<\/p>\n<div id=\"title_prezzi_container\">\n<div class=\"title\">\n<p style=\"padding: 0.9em!important;\">PREISE<\/p>\n<\/div>\n<\/div>\n<p>[\/vc_column_text][\/vc_column_inner][\/vc_row_inner][\/vc_column][\/vc_row][vc_row][vc_column][vc_empty_space height=&#8220;60px&#8220;][vc_column_text]<\/p>\n<h4 style=\"text-align: center;\"><span style=\"color: #1486bf;\">EIN HERRLICHER CAMPINGPLATZ IN DER TOSKANA AM MEER<\/span><\/h4>\n<h1 style=\"text-align: center;\">Stellpl\u00e4tze f\u00fcr Zelte, Wohnmobile und Wohnwagen, nur wenige Schritte vom Strand von Follonica entfernt<\/h1>\n<p style=\"text-align: center;\"><img loading=\"lazy\" decoding=\"async\" class=\"size-full wp-image-110 aligncenter\" src=\"http:\/\/www.campeggiotahiti.it\/wp-content\/uploads\/2017\/11\/barrette.jpg\" alt=\"\" width=\"74\" height=\"15\" \/><\/p>\n<p>[\/vc_column_text][vc_empty_space height=&#8220;40px&#8220;][\/vc_column][\/vc_row][vc_row][vc_column][vc_row_inner][vc_column_inner][vc_column_text]<\/p>\n<p style=\"text-align: center;\"><strong>PREISLISTE 2026 &#8211; CAMPING-TAGESPREISE<\/strong><\/p>\n<p>[\/vc_column_text][vc_column_text]<\/p>\n<table width=\"667\">\n<tbody>\n<tr>\n<td width=\"231\"><\/td>\n<td width=\"92\"><strong>07\/05 &#8211; 15\/05<\/strong><\/td>\n<td width=\"90\"><strong>16\/05 &#8211; 29\/05<\/strong><\/td>\n<td width=\"85\"><strong>30\/05 &#8211; 03\/07<\/strong><\/td>\n<td width=\"95\"><strong>04\/07 &#8211; 31\/07<\/strong><\/td>\n<td width=\"76\"><strong>01\/08 &#8211; 23\/08<\/strong><\/td>\n<\/tr>\n<tr>\n<td width=\"231\"><\/td>\n<td width=\"92\"><strong>07\/09 &#8211; 13\/09<\/strong><\/td>\n<td width=\"90\"><\/td>\n<td width=\"85\"><strong>31\/08 &#8211; 06\/09<\/strong><\/td>\n<td width=\"95\"><strong>24\/08 &#8211; 30\/08<\/strong><\/td>\n<td width=\"76\"><\/td>\n<\/tr>\n<tr>\n<td width=\"231\"><strong>Erwachsene<\/strong><\/td>\n<td width=\"92\">8,50 \u20ac<\/td>\n<td width=\"90\">13,40 \u20ac<\/td>\n<td width=\"85\">16,50 \u20ac<\/td>\n<td width=\"95\">19,00 \u20ac<\/td>\n<td width=\"76\">20,00 \u20ac<\/td>\n<\/tr>\n<tr>\n<td width=\"231\"><strong>Kinder (3-6 Jahre)<\/strong><\/td>\n<td width=\"92\">5,40 \u20ac<\/td>\n<td width=\"90\">8,70 \u20ac<\/td>\n<td width=\"85\">9,50 \u20ac<\/td>\n<td width=\"95\">12,00 \u20ac<\/td>\n<td width=\"76\">12,40 \u20ac<\/td>\n<\/tr>\n<tr>\n<td width=\"231\"><strong>Stellplatz &gt; 35 mq<\/strong><\/td>\n<td width=\"92\">10,00 \u20ac<\/td>\n<td width=\"90\">14,00 \u20ac<\/td>\n<td width=\"85\">17,00 \u20ac<\/td>\n<td width=\"95\">20,00 \u20ac<\/td>\n<td width=\"76\">20,50 \u20ac<\/td>\n<\/tr>\n<tr>\n<td width=\"231\"><strong>Stellplatz &lt; 35 mq<\/strong><\/td>\n<td width=\"92\">8,00 \u20ac<\/td>\n<td width=\"90\">12,50 \u20ac<\/td>\n<td width=\"85\">15,00 \u20ac<\/td>\n<td width=\"95\">19,30 \u20ac<\/td>\n<td width=\"76\">19,80 \u20ac<\/td>\n<\/tr>\n<tr>\n<td width=\"231\"><strong>Tagesbesucher (&gt; 6 J.)<\/strong><\/td>\n<td width=\"92\">5,00 \u20ac<\/td>\n<td width=\"90\">8,00 \u20ac<\/td>\n<td width=\"85\">8,50 \u20ac<\/td>\n<td width=\"95\">10,00 \u20ac<\/td>\n<td width=\"76\">11,00 \u20ac<\/td>\n<\/tr>\n<tr>\n<td width=\"231\"><strong>2. Auto (24h)<\/strong><\/td>\n<td width=\"92\">6,00 \u20ac<\/td>\n<td width=\"90\">7,00 \u20ac<\/td>\n<td width=\"85\">8,00 \u20ac<\/td>\n<td width=\"95\">9,00 \u20ac<\/td>\n<td width=\"76\">11,00 \u20ac<\/td>\n<\/tr>\n<\/tbody>\n<\/table>\n<p>[\/vc_column_text][vc_column_text]Nach Ermessen der Direktion ist es m\u00f6glich, den Stellplatz und die Dienstleistungen bis 19:00 Uhr gegen einen Aufschlag von 50% des Tagessatzes zu nutzen. <strong>Ortstaxe von 0,50 \u20ac pro Tag f\u00fcr maximal 15 Tage nicht inbegriffen (Kinder unter 16 Jahren ausgenommen).<\/strong>[\/vc_column_text][\/vc_column_inner][\/vc_row_inner][\/vc_column][\/vc_row][vc_row][vc_column][vc_empty_space height=&#8220;80px&#8220;][vc_column_text]<\/p>\n<p style=\"font-weight: 400;\"><strong>T\u00c4GLICHE PREISE F\u00dcR TIERE<\/strong><\/p>\n<p style=\"font-weight: 400;\">Bungalows und Wohnwagen zu vermieten 8 \u20ac \u2013<\/p>\n<p style=\"font-weight: 400;\">Im eigenen Zelt-Wohnwagen-Wohnmobil 5 \u20ac<\/p>\n<p style=\"font-weight: 400;\">Auf unserem Campingplatz akzeptieren wir kleine und mittelgro\u00dfe Hunde und Katzen von der Saisoner\u00f6ffnung bis zum 30.06. und vom 01.09. bis zur Schlie\u00dfung<\/p>\n<p>[\/vc_column_text][vc_empty_space height=&#8220;80px&#8220;][vc_row_inner][vc_column_inner][vc_column_text]<\/p>\n<p style=\"text-align: center;\"><strong>PREISLISTE CAMPING PAUSCHALE<\/strong><\/p>\n<p>[\/vc_column_text][vc_column_text]<\/p>\n<table width=\"634\">\n<tbody>\n<tr>\n<td width=\"157\"><\/td>\n<td width=\"137\"><strong>SAISONAL<\/strong><\/td>\n<td width=\"14\"><\/td>\n<td width=\"152\"><strong>MAI\/JUNI\/JULI<\/strong><\/td>\n<td width=\"14\"><\/td>\n<td width=\"160\"><strong>AUG\/SEP<\/strong><\/td>\n<\/tr>\n<tr>\n<td width=\"157\"><strong>2 PERSONEN<\/strong><\/td>\n<td width=\"137\">3.360,00 \u20ac<\/td>\n<td width=\"14\"><\/td>\n<td width=\"152\">2.300,00 \u20ac<\/td>\n<td width=\"14\"><\/td>\n<td width=\"160\">2.090,00 \u20ac<\/td>\n<\/tr>\n<tr>\n<td width=\"157\"><strong>3 PERSONEN<\/strong><\/td>\n<td width=\"137\">3.790,00 \u20ac<\/td>\n<td width=\"14\"><\/td>\n<td width=\"152\">2.600,00 \u20ac<\/td>\n<td width=\"14\"><\/td>\n<td width=\"160\">2.310,00 \u20ac<\/td>\n<\/tr>\n<tr>\n<td width=\"157\"><strong>4 PERSONE<\/strong><\/td>\n<td width=\"137\">4.210,00 \u20ac<\/td>\n<td width=\"14\"><\/td>\n<td width=\"152\">2.860,00 \u20ac<\/td>\n<td width=\"14\"><\/td>\n<td width=\"160\">2.800,00 \u20ac<\/td>\n<\/tr>\n<tr>\n<td width=\"157\"><strong>5 PERSONEN<\/strong><\/td>\n<td width=\"137\">4.470,00 \u20ac<\/td>\n<td width=\"14\"><\/td>\n<td width=\"152\">3.200,00 \u20ac<\/td>\n<td width=\"14\"><\/td>\n<td width=\"160\">3.230,00 \u20ac<\/td>\n<\/tr>\n<tr>\n<td width=\"157\"><strong>6 PERSONEN<\/strong><\/td>\n<td width=\"137\">4.760,00 \u20ac<\/td>\n<td width=\"14\"><\/td>\n<td width=\"152\">3.490,00 \u20ac<\/td>\n<td width=\"14\"><\/td>\n<td width=\"160\">3.480,00 \u20ac<\/td>\n<\/tr>\n<tr>\n<td width=\"157\"><strong>Kind (0-4 Jahre)<\/strong><\/td>\n<td width=\"137\">Kostenlos<\/td>\n<td width=\"14\"><\/td>\n<td width=\"152\">Kostenlos<\/td>\n<td width=\"14\"><\/td>\n<td width=\"160\">Kostenlos<\/td>\n<\/tr>\n<\/tbody>\n<\/table>\n<p>[\/vc_column_text][vc_empty_space height=&#8220;80px&#8220;][vc_column_text]<\/p>\n<p style=\"text-align: center;\"><strong>CAMPINGG\u00c4STE F\u00dcR SAISON- UND HALBSAISONKUNDEN<\/strong><\/p>\n<p>[\/vc_column_text][vc_column_text]<\/p>\n<table width=\"633\">\n<tbody>\n<tr>\n<td width=\"132\"><\/td>\n<td width=\"104\"><strong>07\/05 &#8211; 15\/05<\/strong><\/td>\n<td width=\"113\"><strong>16\/05 &#8211; 29\/05<\/strong><\/td>\n<td width=\"95\"><strong>30\/05 &#8211; 10\/07<\/strong><\/td>\n<td width=\"94\"><strong>11\/07 &#8211; 31\/07<\/strong><\/td>\n<td width=\"94\"><strong>01\/08 &#8211; 23\/08<\/strong><\/td>\n<\/tr>\n<tr>\n<td width=\"132\"><\/td>\n<td width=\"104\"><strong>07\/09 &#8211; 13\/09<\/strong><\/td>\n<td width=\"113\"><strong>31\/08 &#8211; 06\/09<\/strong><\/td>\n<td width=\"95\"><strong>24\/08 &#8211; 30\/08<\/strong><\/td>\n<td width=\"94\"><\/td>\n<td width=\"94\"><\/td>\n<\/tr>\n<tr>\n<td width=\"132\"><strong>Erwachsener<\/strong><\/td>\n<td width=\"104\">6,70 \u20ac<\/td>\n<td width=\"113\">10,20 \u20ac<\/td>\n<td width=\"95\">11,50 \u20ac<\/td>\n<td width=\"94\">13,50 \u20ac<\/td>\n<td width=\"94\">14,00 \u20ac<\/td>\n<\/tr>\n<tr>\n<td width=\"132\"><strong>Kind (3-6 Jahre)<\/strong><\/td>\n<td width=\"104\">5,00 \u20ac<\/td>\n<td width=\"113\">8,00 \u20ac<\/td>\n<td width=\"95\">8,00 \u20ac<\/td>\n<td width=\"94\">9,30 \u20ac<\/td>\n<td width=\"94\">9,30 \u20ac<\/td>\n<\/tr>\n<\/tbody>\n<\/table>\n<p>[\/vc_column_text][\/vc_column_inner][\/vc_row_inner][vc_row_inner][vc_column_inner][vc_column_text]<\/p>\n<p style=\"text-align: center;\"><strong>TAGESPREISE F\u00dcR WOHNWAGENVERMIETUNG<\/strong><\/p>\n<p style=\"text-align: center;\">Wohnwagen f\u00fcr 4 Personen (2 Doppelbetten, kein Bad) mit Inventar. Preise pro Nacht + Preis pro Person.<\/p>\n<p>[\/vc_column_text][vc_column_text]<\/p>\n<table width=\"601\">\n<tbody>\n<tr>\n<td width=\"97\"><\/td>\n<td width=\"135\"><strong>07\/05 &#8211; 15\/05<\/strong><\/td>\n<td width=\"123\"><strong>16\/05 &#8211; 12\/06<\/strong><\/td>\n<td width=\"123\"><strong>13\/06 &#8211; 10\/07<\/strong><\/td>\n<td width=\"123\"><strong>11\/07 &#8211; 21\/08<\/strong><\/td>\n<\/tr>\n<tr>\n<td width=\"97\"><\/td>\n<td width=\"135\"><strong>05\/09 &#8211; 13\/09<\/strong><\/td>\n<td width=\"123\"><strong>29\/08 &#8211; 04\/09<\/strong><\/td>\n<td width=\"123\"><strong>22\/08 &#8211; 28\/08<\/strong><\/td>\n<td width=\"123\"><\/td>\n<\/tr>\n<tr>\n<td width=\"97\"><strong>MIETE<\/strong><\/td>\n<td width=\"135\">28,00 \u20ac<br \/>\n34,00 \u20ac mit Klima<\/td>\n<td width=\"123\">41,00 \u20ac<br \/>\n46,00 \u20ac mit Klima<\/td>\n<td width=\"123\">60,00 \u20ac<br \/>\n65,00 \u20ac mit Klima<\/td>\n<td width=\"123\">62,00 \u20ac<br \/>\n68,00 \u20ac mit Klima<\/td>\n<\/tr>\n<\/tbody>\n<\/table>\n<p>[\/vc_column_text][vc_column_text]<\/p>\n<p style=\"text-align: center;\"><strong>WOCHEN- UND TAGESPREISE F\u00dcR BUNGALOWS<\/strong><\/p>\n<p>[\/vc_column_text][vc_column_text]<\/p>\n<table width=\"651\">\n<tbody>\n<tr>\n<td width=\"91\"><\/td>\n<td width=\"89\"><strong>07\/05 &#8211; 15\/05<\/strong><\/td>\n<td width=\"85\"><strong>16\/05 &#8211; 12\/06<\/strong><\/td>\n<td width=\"85\"><strong>13\/06 &#8211; 26\/06<\/strong><\/td>\n<td width=\"95\"><strong>27\/06 &#8211; 10\/07<\/strong><\/td>\n<td width=\"94\"><strong>11\/07 &#8211; 24\/07<\/strong><\/td>\n<td width=\"102\"><strong>25\/07 &#8211; 21\/08<\/strong><\/td>\n<\/tr>\n<tr>\n<td width=\"91\"><\/td>\n<td width=\"89\"><strong>05\/09 &#8211; 13\/09<\/strong><\/td>\n<td width=\"85\"><\/td>\n<td width=\"85\"><\/td>\n<td width=\"95\"><strong>29.08 &#8211; 04\/09<\/strong><\/td>\n<td width=\"94\"><strong>22\/08 &#8211; 28\/08<\/strong><\/td>\n<td width=\"102\"><\/td>\n<\/tr>\n<tr>\n<td width=\"91\"><strong>Bw 1 (6 Pl\u00e4tze)<\/strong><\/td>\n<td width=\"89\">795 \u20ac \/ 137 \u20ac T<\/td>\n<td width=\"85\">880 \u20ac \/ 145 \u20ac T<\/td>\n<td width=\"85\">960 \u20ac \/ 160 \u20ac T<\/td>\n<td width=\"95\">1.260 \u20ac \/ 190 \u20ac T<\/td>\n<td width=\"94\">1.365 \u20ac \/ 210 \u20ac T<\/td>\n<td width=\"102\">1.610 \u20ac \/ 240 \u20ac T<\/td>\n<\/tr>\n<tr>\n<td width=\"91\"><strong>Bw 2 (4 Pl\u00e4tze)<\/strong><\/td>\n<td width=\"89\">665 \u20ac \/ 105 \u20ac T<\/td>\n<td width=\"85\">775 \u20ac \/ 126 \u20ac T<\/td>\n<td width=\"85\">830 \u20ac \/ 138 \u20ac T<\/td>\n<td width=\"95\">1.000 \u20ac \/ 150 \u20ac T<\/td>\n<td width=\"94\">1.100 \u20ac \/ 170 \u20ac T<\/td>\n<td width=\"102\">1.400 \u20ac \/ 210 \u20ac T<\/td>\n<\/tr>\n<\/tbody>\n<\/table>\n<p>[\/vc_column_text][\/vc_column_inner][\/vc_row_inner][\/vc_column][\/vc_row][vc_row][vc_column][vc_column_text]<strong>In den Preisen enthaltene Leistungen:<\/strong> 1 Parkplatz, Strom, Wasser, Bettw\u00e4sche (nur Bungalows), MwSt.<br \/>\n<strong>Nicht enthaltene Leistungen:<\/strong> Ortstaxe. Bettw\u00e4sche und Handt\u00fccher f\u00fcr Wohnwagen sind gegen Aufpreis erh\u00e4ltlich.<br \/>\n<strong>Auf unserem Campingplatz akzeptieren wir kleine und mittelgro\u00dfe Hunde und Katzen von der Saisoner\u00f6ffnung bis zum 30.06. und vom 01.09. bis zur Schlie\u00dfung.<\/strong>[\/vc_column_text][vc_empty_space][vc_column_text]<\/p>\n<p style=\"text-align: center;\"><strong>CAMPINGPLATZORDNUNG<\/strong><\/p>\n<p>[\/vc_column_text][vc_column_text]Am Abreisetag muss der Stellplatz <strong>bis sp\u00e4testens 12:00 Uhr<\/strong> verlassen werden. Nach vorheriger Absprache kann der Aufenthalt <strong>bis 19:00 Uhr gegen Zahlung von 50% des Tagessatzes<\/strong> verl\u00e4ngert werden.[\/vc_column_text][vc_column_text]<strong>F\u00fcr Minderj\u00e4hrige ist bei der Ankunft eine von den Eltern unterschriebene Haftungserkl\u00e4rung vorzulegen.<\/strong>[\/vc_column_text][vc_column_text]Reservierungen in der <strong>Hochsaison erfolgen von Samstag bis Samstag<\/strong>. Stellpl\u00e4tze werden am Anreisetag um <strong>16:00 Uhr<\/strong> \u00fcbergeben und m\u00fcssen am Abreisetag bis <strong>12:00 Uhr<\/strong> ger\u00e4umt sein.[\/vc_column_text][vc_column_text]<\/p>\n<ul>\n<li>Check-in: 08:00-13:00 und 16:00-20:00 Uhr<\/li>\n<li>Autoverkehr intern VERBOTEN: 13:00-16:00 und 23:00-08:00 Uhr<\/li>\n<li>Autos d\u00fcrfen nicht auf dem Stellplatz parken (nur zum Be- und Entladen).<\/li>\n<\/ul>\n<p>[\/vc_column_text][vc_empty_space height=&#8220;20&#8243;][\/vc_column][\/vc_row][vc_row][vc_column width=&#8220;1\/2&#8243;][vc_column_text]<div class='w3eden'><!-- WPDM Link Template: Default Template -->\n\n<div class=\"link-template-default card mb-2\">\n    <div class=\"card-body\">\n        <div class=\"media\">\n            <div class=\"mr-3 img-48\"><img decoding=\"async\" class=\"wpdm_icon\" alt=\"Icon\" src=\"https:\/\/www.campeggiotahiti.it\/wp-content\/plugins\/download-manager\/assets\/file-type-icons\/pdf.svg\" \/><\/div>\n            <div class=\"media-body\">\n                <h3 class=\"package-title\"><a href='https:\/\/www.campeggiotahiti.it\/de\/download\/regolamento-interno\/'>REGOLAMENTO INTERNO<\/a><\/h3>\n                <div class=\"text-muted text-small\"><i class=\"fas fa-copy\"><\/i> 1 Datei(en) <i class=\"fas fa-hdd ml-3\"><\/i> 170 KB<\/div>\n            <\/div>\n            <div class=\"ml-3\">\n                <a class='wpdm-download-link download-on-click btn btn-primary ' rel='nofollow' href='#' data-downloadurl=\"https:\/\/www.campeggiotahiti.it\/de\/download\/regolamento-interno\/?wpdmdl=1683&refresh=69ea4172ced601776959858\">Download<\/a>\n            <\/div>\n        <\/div>\n    <\/div>\n<\/div>\n\n<\/div>[\/vc_column_text][\/vc_column][vc_column width=&#8220;1\/2&#8243;][vc_column_text]<div class='w3eden'><!-- WPDM Link Template: Default Template -->\n\n<div class=\"link-template-default card mb-2\">\n    <div class=\"card-body\">\n        <div class=\"media\">\n            <div class=\"mr-3 img-48\"><img decoding=\"async\" class=\"wpdm_icon\" alt=\"Icon\"   src=\"http:\/\/www.campeggiotahiti.it\/wp-content\/plugins\/download-manager\/assets\/file-type-icons\/pdf.png\" \/><\/div>\n            <div class=\"media-body\">\n                <h3 class=\"package-title\"><a href='https:\/\/www.campeggiotahiti.it\/de\/download\/liberatoria-per-minori\/'>Liberatoria per minori<\/a><\/h3>\n                <div class=\"text-muted text-small\"><i class=\"fas fa-copy\"><\/i> 1 Datei(en) <i class=\"fas fa-hdd ml-3\"><\/i> 41.54 KB<\/div>\n            <\/div>\n            <div class=\"ml-3\">\n                <a class='wpdm-download-link download-on-click btn btn-primary ' rel='nofollow' href='#' data-downloadurl=\"https:\/\/www.campeggiotahiti.it\/de\/download\/liberatoria-per-minori\/?wpdmdl=655&refresh=69ea4172cf5601776959858\">Scarica il PDF<\/a>\n            <\/div>\n        <\/div>\n    <\/div>\n<\/div>\n\n<\/div>[\/vc_column_text][\/vc_column][\/vc_row][vc_row][vc_column width=&#8220;1\/2&#8243;][vc_column_text]<div class='w3eden'><!-- WPDM Link Template: Default Template -->\n\n<div class=\"link-template-default card mb-2\">\n    <div class=\"card-body\">\n        <div class=\"media\">\n            <div class=\"mr-3 img-48\"><img decoding=\"async\" class=\"wpdm_icon\" alt=\"Icon\" src=\"https:\/\/www.campeggiotahiti.it\/wp-content\/plugins\/download-manager\/assets\/file-type-icons\/pdf.svg\" \/><\/div>\n            <div class=\"media-body\">\n                <h3 class=\"package-title\"><a href='https:\/\/www.campeggiotahiti.it\/de\/download\/modulo-privacy\/'>Modulo Privacy<\/a><\/h3>\n                <div class=\"text-muted text-small\"><i class=\"fas fa-copy\"><\/i> 1 Datei(en) <i class=\"fas fa-hdd ml-3\"><\/i> 529.48 KB<\/div>\n            <\/div>\n            <div class=\"ml-3\">\n                <a class='wpdm-download-link download-on-click btn btn-primary ' rel='nofollow' href='#' data-downloadurl=\"https:\/\/www.campeggiotahiti.it\/de\/download\/modulo-privacy\/?wpdmdl=1670&refresh=69ea4172cf9b31776959858\">Download<\/a>\n            <\/div>\n        <\/div>\n    <\/div>\n<\/div>\n\n<\/div>[\/vc_column_text][\/vc_column][vc_column width=&#8220;1\/2&#8243;][vc_column_text]<div class='w3eden'><!-- WPDM Link Template: Default Template -->\n\n<div class=\"link-template-default card mb-2\">\n    <div class=\"card-body\">\n        <div class=\"media\">\n            <div class=\"mr-3 img-48\"><img decoding=\"async\" class=\"wpdm_icon\" alt=\"Icon\" src=\"https:\/\/www.campeggiotahiti.it\/wp-content\/plugins\/download-manager\/assets\/file-type-icons\/pdf.svg\" \/><\/div>\n            <div class=\"media-body\">\n                <h3 class=\"package-title\"><a href='https:\/\/www.campeggiotahiti.it\/de\/download\/piazzole-bw-roulottes\/'>Piazzole, BW e Roulottes<\/a><\/h3>\n                <div class=\"text-muted text-small\"><i class=\"fas fa-copy\"><\/i> 1 Datei(en) <i class=\"fas fa-hdd ml-3\"><\/i> 132 KB<\/div>\n            <\/div>\n            <div class=\"ml-3\">\n                <a class='wpdm-download-link download-on-click btn btn-primary ' rel='nofollow' href='#' data-downloadurl=\"https:\/\/www.campeggiotahiti.it\/de\/download\/piazzole-bw-roulottes\/?wpdmdl=1680&refresh=69ea4172cfde61776959858\">Download<\/a>\n            <\/div>\n        <\/div>\n    <\/div>\n<\/div>\n\n<\/div>[\/vc_column_text][\/vc_column][\/vc_row][vc_row][vc_column width=&#8220;1\/2&#8243;][vc_column_text]<div class='w3eden'><!-- WPDM Link Template: Default Template -->\n\n<div class=\"link-template-default card mb-2\">\n    <div class=\"card-body\">\n        <div class=\"media\">\n            <div class=\"mr-3 img-48\"><img decoding=\"async\" class=\"wpdm_icon\" alt=\"Icon\" src=\"https:\/\/www.campeggiotahiti.it\/wp-content\/plugins\/download-manager\/assets\/file-type-icons\/pdf.svg\" \/><\/div>\n            <div class=\"media-body\">\n                <h3 class=\"package-title\"><a href='https:\/\/www.campeggiotahiti.it\/de\/download\/contratti-stagionali-mezze-stagioni\/'>Contratti stagionali e mezze stagioni<\/a><\/h3>\n                <div class=\"text-muted text-small\"><i class=\"fas fa-copy\"><\/i> 1 Datei(en) <i class=\"fas fa-hdd ml-3\"><\/i> 129.90 KB<\/div>\n            <\/div>\n            <div class=\"ml-3\">\n                <a class='wpdm-download-link download-on-click btn btn-primary ' rel='nofollow' href='#' data-downloadurl=\"https:\/\/www.campeggiotahiti.it\/de\/download\/contratti-stagionali-mezze-stagioni\/?wpdmdl=1673&refresh=69ea4172d02101776959858\">Download<\/a>\n            <\/div>\n        <\/div>\n    <\/div>\n<\/div>\n\n<\/div>[\/vc_column_text][\/vc_column][vc_column width=&#8220;1\/2&#8243;][vc_column_text]<div class='w3eden'><!-- WPDM Link Template: Default Template -->\n\n<div class=\"link-template-default card mb-2\">\n    <div class=\"card-body\">\n        <div class=\"media\">\n            <div class=\"mr-3 img-48\"><img decoding=\"async\" class=\"wpdm_icon\" alt=\"Icon\" src=\"https:\/\/www.campeggiotahiti.it\/wp-content\/plugins\/download-manager\/assets\/file-type-icons\/docx.svg\" \/><\/div>\n            <div class=\"media-body\">\n                <h3 class=\"package-title\"><a href='https:\/\/www.campeggiotahiti.it\/de\/download\/haustierordnung\/'>haustierordnung<\/a><\/h3>\n                <div class=\"text-muted text-small\"><i class=\"fas fa-copy\"><\/i> 1 Datei(en) <i class=\"fas fa-hdd ml-3\"><\/i> 34.50 KB<\/div>\n            <\/div>\n            <div class=\"ml-3\">\n                <a class='wpdm-download-link download-on-click btn btn-primary ' rel='nofollow' href='#' data-downloadurl=\"https:\/\/www.campeggiotahiti.it\/de\/download\/haustierordnung\/?wpdmdl=2095&refresh=69ea4172d06441776959858\">Download<\/a>\n            <\/div>\n        <\/div>\n    <\/div>\n<\/div>\n\n<\/div>[\/vc_column_text][\/vc_column][\/vc_row][vc_row][vc_column][vc_empty_space height=&#8220;40&#8243;][vc_btn title=&#8220;KLICKEN SIE HIER F\u00dcR VERF\u00dcGBARKEITSANFRAGEN&#8220; style=&#8220;custom&#8220; custom_background=&#8220;#52a7d7&#8243; custom_text=&#8220;#ffffff&#8220; shape=&#8220;square&#8220; size=&#8220;lg&#8220; align=&#8220;center&#8220; link=&#8220;url:http%3A%2F%2Fwww.campeggiotahiti.it%2Frichiedi-disponibilita%2F|&#8220; el_class=&#8220;listino-prezzi-button&#8220;][\/vc_column][\/vc_row][vc_row][vc_column][vc_empty_space height=&#8220;90&#8243;][\/vc_column][\/vc_row][vc_row css=&#8220;.vc_custom_1511175617568{margin-bottom: -140px !important;}&#8220;][vc_column width=&#8220;1\/12&#8243;][\/vc_column][vc_column width=&#8220;10\/12&#8243;][vc_row_inner css=&#8220;.vc_custom_1523360547896{padding-right: 50px !important;padding-left: 50px !important;background-color: #f7a10c !important;}&#8220;][vc_column_inner width=&#8220;2\/3&#8243;][vc_column_text]<span style=\"font-size: 24pt; color: #ffffff;\">ABONNIEREN SIE UNSEREN NEWSLETTER<\/span><br \/>\n<span style=\"color: #ffffff;\">UM \u00dcBER NEWS UND UNSERE ANGEBOTE INFORMIERT ZU BLEIBEN<\/span>[\/vc_column_text][\/vc_column_inner][vc_column_inner width=&#8220;1\/3&#8243;]<div class=\" vc_custom_1523360628628 ubtn-ctn-right \"><a class=\"ubtn-link ult-adjust-bottom-margin ubtn-right ubtn-normal \" href=\"http:\/\/www.campeggiotahiti.it\/iscrizione-newsletter\/\" ><button type=\"button\" id=\"ubtn-9843\"  class=\"ubtn ult-adjust-bottom-margin ult-responsive ubtn-normal ubtn-no-hover-bg  none  ubtn-right   tooltip-69ea4172d07da\"  data-hover=\"\" data-border-color=\"\" data-bg=\"#ffffff\" data-hover-bg=\"\" data-border-hover=\"\" data-shadow-hover=\"\" data-shadow-click=\"none\" data-shadow=\"\" data-shd-shadow=\"\"  data-ultimate-target='#ubtn-9843'  data-responsive-json-new='{\"font-size\":\"\",\"line-height\":\"\"}'  style=\"font-weight:normal;border:none;background: #ffffff;color: #0c0c0c;\"><span class=\"ubtn-hover\" style=\"background-color:\"><\/span><span class=\"ubtn-data ubtn-text \" >JETZT ANMELDEN<\/span><\/button><\/a><\/div>[\/vc_column_inner][\/vc_row_inner][\/vc_column][vc_column width=&#8220;1\/12&#8243;][\/vc_column][\/vc_row]<\/p>\n<\/div>","protected":false},"excerpt":{"rendered":"<p>[vc_row full_width=&#8220;stretch_row_content_no_spaces&#8220; content_placement=&#8220;middle&#8220; bg_type=&#8220;image&#8220; bg_override=&#8220;full&#8220; css=&#8220;.vc_custom_1516986851804{background-image: url(http:\/\/www.campeggiotahiti.it\/wp-content\/uploads\/2018\/01\/camping-header.jpg?id=904) !important;background-position: center !important;background-repeat: no-repeat !important;background-size: contain !important;}&#8220; el_class=&#8220;page-header&#8220;][vc_column][vc_row_inner][vc_column_inner][vc_column_text] PREISE [\/vc_column_text][\/vc_column_inner][\/vc_row_inner][\/vc_column][\/vc_row][vc_row][vc_column][vc_empty_space height=&#8220;60px&#8220;][vc_column_text] EIN HERRLICHER CAMPINGPLATZ IN DER TOSKANA AM MEER Stellpl\u00e4tze f\u00fcr Zelte, Wohnmobile und Wohnwagen, nur wenige Schritte vom Strand von Follonica entfernt [\/vc_column_text][vc_empty_space height=&#8220;40px&#8220;][\/vc_column][\/vc_row][vc_row][vc_column][vc_row_inner][vc_column_inner][vc_column_text] PREISLISTE 2026 &#8211; CAMPING-TAGESPREISE [\/vc_column_text][vc_column_text] 07\/05 &#8211; 15\/05 16\/05 &#8211; 29\/05 30\/05 &#8211;&hellip;<\/p>\n","protected":false},"author":4,"featured_media":0,"parent":0,"menu_order":0,"comment_status":"closed","ping_status":"closed","template":"","meta":[],"class_list":["post-1462","page","type-page","status-publish","hentry","description-off"],"_links":{"self":[{"href":"https:\/\/www.campeggiotahiti.it\/de\/wp-json\/wp\/v2\/pages\/1462","targetHints":{"allow":["GET"]}}],"collection":[{"href":"https:\/\/www.campeggiotahiti.it\/de\/wp-json\/wp\/v2\/pages"}],"about":[{"href":"https:\/\/www.campeggiotahiti.it\/de\/wp-json\/wp\/v2\/types\/page"}],"author":[{"embeddable":true,"href":"https:\/\/www.campeggiotahiti.it\/de\/wp-json\/wp\/v2\/users\/4"}],"replies":[{"embeddable":true,"href":"https:\/\/www.campeggiotahiti.it\/de\/wp-json\/wp\/v2\/comments?post=1462"}],"version-history":[{"count":27,"href":"https:\/\/www.campeggiotahiti.it\/de\/wp-json\/wp\/v2\/pages\/1462\/revisions"}],"predecessor-version":[{"id":2111,"href":"https:\/\/www.campeggiotahiti.it\/de\/wp-json\/wp\/v2\/pages\/1462\/revisions\/2111"}],"wp:attachment":[{"href":"https:\/\/www.campeggiotahiti.it\/de\/wp-json\/wp\/v2\/media?parent=1462"}],"curies":[{"name":"wp","href":"https:\/\/api.w.org\/{rel}","templated":true}]}}