{"id":1459,"date":"2018-01-24T10:23:24","date_gmt":"2018-01-24T09:23:24","guid":{"rendered":"http:\/\/www.campeggiotahiti.it\/il-ristorante\/"},"modified":"2018-06-26T04:08:58","modified_gmt":"2018-06-26T02:08:58","slug":"il-ristorante","status":"publish","type":"page","link":"https:\/\/www.campeggiotahiti.it\/de\/il-ristorante\/","title":{"rendered":"DAS RESTAURANT"},"content":{"rendered":"<div class=\"wpb-content-wrapper\"><p>[vc_row full_width=&#8220;stretch_row_content_no_spaces&#8220; content_placement=&#8220;middle&#8220; bg_type=&#8220;image&#8220; bg_override=&#8220;full&#8220; css=&#8220;.vc_custom_1516954266594{background-image: url(http:\/\/www.campeggiotahiti.it\/wp-content\/uploads\/2018\/01\/ristorante-header.jpg?id=897) !important;background-position: center !important;background-repeat: no-repeat !important;background-size: contain !important;}&#8220; el_class=&#8220;page-header&#8220;][vc_column][vc_row_inner][vc_column_inner][vc_column_text]<\/p>\n<div id=\"title_camping_container\">\n<div class=\"title\">\n<p style=\"padding: 0.9em!important;\">DAS RESTAURANT<\/p>\n<\/div>\n<\/div>\n<p>[\/vc_column_text][\/vc_column_inner][\/vc_row_inner][\/vc_column][\/vc_row][vc_row full_width=&#8220;stretch_row_content_no_spaces&#8220;][vc_column el_class=&#8220;padding_lr_130_130&#8243;][vc_empty_space height=&#8220;60px&#8220;][vc_column_text]<\/p>\n<h4 style=\"text-align: center;\"><span style=\"color: #1486bf;\">EIN HERRLICHES RESTAURANT MIT TERRASSE MIT BLICK AUFS MEER<\/span><\/h4>\n<h1 style=\"text-align: center;\">Genie\u00dfen Sie unsere Fischspezialit\u00e4ten und<br \/>\nMomente purer Entspannung<\/h1>\n<p style=\"text-align: center;\"><img loading=\"lazy\" decoding=\"async\" class=\"size-full wp-image-110 aligncenter\" src=\"http:\/\/www.campeggiotahiti.it\/wp-content\/uploads\/2017\/11\/barrette.jpg\" alt=\"\" width=\"74\" height=\"15\" \/><\/p>\n<p>[\/vc_column_text][vc_empty_space height=&#8220;25&#8243;][vc_row_inner][vc_column_inner][vc_column_text css=&#8220;.vc_custom_1529978931319{margin-right: 20px !important;}&#8220;]<span style=\"font-weight: 400;\">Um die G\u00e4ste auf dem\u00a0<\/span><b>Campingplatz Tahiti in Follonica<\/b><span style=\"font-weight: 400;\">\u00a0zufrieden zu stellen, wird neben unz\u00e4hligen Dienstleistungen auch ein gastronomischer Service angeboten.\u00a0<\/span><b>Das Restaurant des Campingplatzes Tahiti mit Panoramaterrasse mit Blick aufs Meer <\/b><span style=\"font-weight: 400;\">bietet t\u00e4glich Men\u00fcs, die der Tradition der kulinarischen Kunst der Maremma folgen, mit typischen lokalen Gerichten, begleitet von einer Vielzahl von Fisch- und Meeresfr\u00fcchte-Spezialit\u00e4ten.<\/span><\/p>\n<p><span style=\"font-weight: 400;\">Im <\/span><b>Restaurant des Campingplatzes Tahiti <\/b><span style=\"font-weight: 400;\">k\u00f6nnen Sie auch leckere Pizzen probieren und auf Wunsch Ihr Lieblingsgericht bestellen und den <\/span><b>Take-away-Service in Anspruch nehmen.<\/b>[\/vc_column_text][\/vc_column_inner][\/vc_row_inner][vc_separator color=&#8220;white&#8220;][\/vc_column][\/vc_row][vc_row disable_element=&#8220;yes&#8220;][vc_column width=&#8220;1\/6&#8243;][\/vc_column][vc_column width=&#8220;1\/6&#8243;][vc_single_image image=&#8220;1032&#8243; alignment=&#8220;center&#8220; css_animation=&#8220;fadeInDown&#8220;][\/vc_column][vc_column width=&#8220;1\/6&#8243;][vc_single_image image=&#8220;1031&#8243; alignment=&#8220;center&#8220; css_animation=&#8220;fadeInDown&#8220;][\/vc_column][vc_column width=&#8220;1\/6&#8243;][vc_single_image image=&#8220;1033&#8243; alignment=&#8220;center&#8220; css_animation=&#8220;fadeInDown&#8220;][\/vc_column][vc_column width=&#8220;1\/6&#8243;][vc_single_image image=&#8220;1039&#8243; alignment=&#8220;center&#8220; css_animation=&#8220;fadeInDown&#8220;][\/vc_column][vc_column width=&#8220;1\/6&#8243;][\/vc_column][\/vc_row][vc_row full_width=&#8220;stretch_row_content&#8220;][vc_column width=&#8220;1\/3&#8243;][vc_single_image image=&#8220;1001&#8243; img_size=&#8220;full&#8220;][\/vc_column][vc_column width=&#8220;1\/3&#8243;][vc_single_image image=&#8220;1002&#8243; img_size=&#8220;full&#8220;][\/vc_column][vc_column width=&#8220;1\/3&#8243;][vc_single_image image=&#8220;1003&#8243; img_size=&#8220;full&#8220;][\/vc_column][\/vc_row][vc_row full_width=&#8220;stretch_row_content&#8220;][vc_column width=&#8220;1\/3&#8243;][vc_single_image image=&#8220;1004&#8243; img_size=&#8220;full&#8220;][\/vc_column][vc_column width=&#8220;1\/3&#8243;][vc_single_image image=&#8220;999&#8243; img_size=&#8220;full&#8220;][\/vc_column][vc_column width=&#8220;1\/3&#8243;][vc_single_image image=&#8220;1000&#8243; img_size=&#8220;full&#8220;][\/vc_column][\/vc_row][vc_row full_width=&#8220;stretch_row_content_no_spaces&#8220;][vc_column el_class=&#8220;padding_lr_130_130&#8243;][vc_empty_space height=&#8220;25&#8243;][vc_column_text]<\/p>\n<p style=\"text-align: left;\"><span style=\"font-weight: 400;\">Eingebettet in die <\/span><b>Natur der Maremma<\/b><span style=\"font-weight: 400;\"> mit ihrer einzigartigen Atmosph\u00e4re, der Sch\u00f6nheit ihrer Landschaft und ihrer ruhigen Lage k\u00f6nnen Sie Tage der absoluten Entspannung voller Genuss verbringen. An Ihren Urlaub am <\/span><b>Campingplatz Tahiti in Follonica<\/b><span style=\"font-weight: 400;\"> werden Sie eine sch\u00f6ne Erinnerung haben, die Sie mit denen teilen k\u00f6nnen, die wie Sie <\/span><b>Naturliebhaber<\/b><span style=\"font-weight: 400;\"> sind, ohne aber auf Komfort verzichten zu m\u00fcssen.<\/span><\/p>\n<p>[\/vc_column_text][vc_empty_space height=&#8220;90&#8243;][\/vc_column][\/vc_row][vc_row css=&#8220;.vc_custom_1511175617568{margin-bottom: -140px !important;}&#8220;][vc_column width=&#8220;1\/12&#8243;][\/vc_column][vc_column width=&#8220;10\/12&#8243;][vc_row_inner css=&#8220;.vc_custom_1523360547896{padding-right: 50px !important;padding-left: 50px !important;background-color: #f7a10c !important;}&#8220;][vc_column_inner width=&#8220;2\/3&#8243;][vc_column_text]<span style=\"font-size: 24pt; color: #ffffff;\">ABONNIEREN SIE UNSEREN NEWSLETTER <\/span><\/p>\n<p><span style=\"color: #ffffff;\">UM \u00dcBER NEUIGKEITEN UND ANGEBOTE INFORMIERT ZU WERDEN<\/span>[\/vc_column_text][\/vc_column_inner][vc_column_inner width=&#8220;1\/3&#8243;]<div class=\" vc_custom_1523522688148 ubtn-ctn-right \"><a class=\"ubtn-link ult-adjust-bottom-margin ubtn-right ubtn-normal \" href=\"http:\/\/www.campeggiotahiti.it\/iscrizione-newsletter\/\" ><button type=\"button\" id=\"ubtn-7374\"  class=\"ubtn ult-adjust-bottom-margin ult-responsive ubtn-normal ubtn-no-hover-bg  none  ubtn-right   tooltip-69ea414417d12\"  data-hover=\"\" data-border-color=\"\" data-bg=\"#ffffff\" data-hover-bg=\"\" data-border-hover=\"\" data-shadow-hover=\"\" data-shadow-click=\"none\" data-shadow=\"\" data-shd-shadow=\"\"  data-ultimate-target='#ubtn-7374'  data-responsive-json-new='{\"font-size\":\"\",\"line-height\":\"\"}'  style=\"font-weight:normal;border:none;background: #ffffff;color: #0c0c0c;\"><span class=\"ubtn-hover\" style=\"background-color:\"><\/span><span class=\"ubtn-data ubtn-text \" >MELDEN SIE SICH AN<\/span><\/button><\/a><\/div>[\/vc_column_inner][\/vc_row_inner][\/vc_column][vc_column width=&#8220;1\/12&#8243;][\/vc_column][\/vc_row]<\/p>\n<\/div>","protected":false},"excerpt":{"rendered":"<p>[vc_row full_width=&#8220;stretch_row_content_no_spaces&#8220; content_placement=&#8220;middle&#8220; bg_type=&#8220;image&#8220; bg_override=&#8220;full&#8220; css=&#8220;.vc_custom_1516954266594{background-image: url(http:\/\/www.campeggiotahiti.it\/wp-content\/uploads\/2018\/01\/ristorante-header.jpg?id=897) !important;background-position: center !important;background-repeat: no-repeat !important;background-size: contain !important;}&#8220; el_class=&#8220;page-header&#8220;][vc_column][vc_row_inner][vc_column_inner][vc_column_text] DAS RESTAURANT [\/vc_column_text][\/vc_column_inner][\/vc_row_inner][\/vc_column][\/vc_row][vc_row full_width=&#8220;stretch_row_content_no_spaces&#8220;][vc_column el_class=&#8220;padding_lr_130_130&#8243;][vc_empty_space height=&#8220;60px&#8220;][vc_column_text] EIN HERRLICHES RESTAURANT MIT TERRASSE MIT BLICK AUFS MEER Genie\u00dfen Sie unsere Fischspezialit\u00e4ten und Momente purer Entspannung [\/vc_column_text][vc_empty_space height=&#8220;25&#8243;][vc_row_inner][vc_column_inner][vc_column_text css=&#8220;.vc_custom_1529978931319{margin-right: 20px !important;}&#8220;]Um die G\u00e4ste auf dem\u00a0Campingplatz Tahiti in Follonica\u00a0zufrieden zu stellen, wird neben unz\u00e4hligen&hellip;<\/p>\n","protected":false},"author":2,"featured_media":0,"parent":0,"menu_order":0,"comment_status":"closed","ping_status":"closed","template":"","meta":[],"class_list":["post-1459","page","type-page","status-publish","hentry","description-off"],"_links":{"self":[{"href":"https:\/\/www.campeggiotahiti.it\/de\/wp-json\/wp\/v2\/pages\/1459","targetHints":{"allow":["GET"]}}],"collection":[{"href":"https:\/\/www.campeggiotahiti.it\/de\/wp-json\/wp\/v2\/pages"}],"about":[{"href":"https:\/\/www.campeggiotahiti.it\/de\/wp-json\/wp\/v2\/types\/page"}],"author":[{"embeddable":true,"href":"https:\/\/www.campeggiotahiti.it\/de\/wp-json\/wp\/v2\/users\/2"}],"replies":[{"embeddable":true,"href":"https:\/\/www.campeggiotahiti.it\/de\/wp-json\/wp\/v2\/comments?post=1459"}],"version-history":[{"count":3,"href":"https:\/\/www.campeggiotahiti.it\/de\/wp-json\/wp\/v2\/pages\/1459\/revisions"}],"predecessor-version":[{"id":1564,"href":"https:\/\/www.campeggiotahiti.it\/de\/wp-json\/wp\/v2\/pages\/1459\/revisions\/1564"}],"wp:attachment":[{"href":"https:\/\/www.campeggiotahiti.it\/de\/wp-json\/wp\/v2\/media?parent=1459"}],"curies":[{"name":"wp","href":"https:\/\/api.w.org\/{rel}","templated":true}]}}