{"id":1456,"date":"2017-12-01T17:17:33","date_gmt":"2017-12-01T16:17:33","guid":{"rendered":"http:\/\/www.campeggiotahiti.it\/noleggio-roulotte\/"},"modified":"2018-06-26T04:08:13","modified_gmt":"2018-06-26T02:08:13","slug":"noleggio-roulotte","status":"publish","type":"page","link":"https:\/\/www.campeggiotahiti.it\/de\/noleggio-roulotte\/","title":{"rendered":"WOHNWAGEN-VERMIETUNG"},"content":{"rendered":"<div class=\"wpb-content-wrapper\"><p>[vc_row full_width=&#8220;stretch_row_content_no_spaces&#8220; content_placement=&#8220;middle&#8220; bg_type=&#8220;image&#8220; bg_override=&#8220;full&#8220; css=&#8220;.vc_custom_1512145774060{background-image: url(http:\/\/www.campeggiotahiti.it\/wp-content\/uploads\/2017\/12\/noleggio-roulote-header.jpg?id=334) !important;background-position: center !important;background-repeat: no-repeat !important;background-size: contain !important;}&#8220; el_class=&#8220;page-header&#8220;][vc_column][vc_row_inner][vc_column_inner][vc_column_text]<\/p>\n<div id=\"title_roulotte_container\">\n<div class=\"title\">\n<p style=\"padding: 0.9em!important;\">WOHNWAGEN-VERMIETUNG<\/p>\n<\/div>\n<\/div>\n<p>[\/vc_column_text][\/vc_column_inner][\/vc_row_inner][\/vc_column][\/vc_row][vc_row full_width=&#8220;stretch_row_content_no_spaces&#8220;][vc_column el_class=&#8220;padding_lr_130_130&#8243;][vc_empty_space height=&#8220;60px&#8220;][vc_column_text]<\/p>\n<h4 style=\"text-align: center;\"><span style=\"color: #1486bf;\">CAMPING AM MEER IN DER TOSKANA<br \/>\n<\/span><\/h4>\n<h1 style=\"text-align: center;\">Mieten Sie Ihren Wohnwagen gleich auf dem Campingplatz Tahiti, um Ihren Urlaub am Meer zu verbringen<\/h1>\n<p style=\"text-align: center;\"><img loading=\"lazy\" decoding=\"async\" class=\"size-full wp-image-110 aligncenter\" src=\"http:\/\/www.campeggiotahiti.it\/wp-content\/uploads\/2017\/11\/barrette.jpg\" alt=\"\" width=\"74\" height=\"15\" \/><\/p>\n<p>[\/vc_column_text][vc_empty_space height=&#8220;40px&#8220;][\/vc_column][\/vc_row][vc_row full_width=&#8220;stretch_row_content_no_spaces&#8220;][vc_column el_class=&#8220;padding_lr_130_130&#8243;][vc_row_inner][vc_column_inner width=&#8220;1\/2&#8243;][vc_column_text]<b>Der Campingplatz Tahiti<\/b><span style=\"font-weight: 400;\">, eingebettet in einen wundersch\u00f6nen Pinienwald, der typisch f\u00fcr die toskanische K\u00fcste ist, bietet die M\u00f6glichkeit, angenehme Urlaubstage zu verbringen und den \u201eSpirit\u201c des <\/span><b>Campinglebens<\/b><span style=\"font-weight: 400;\"> zu genie\u00dfen, dank des direkten Zugangs zu einem der sch\u00f6nsten Str\u00e4nde des Golfs von Follonica, <\/span><b>der vor allem von jungen Leuten und Familien besucht wird<\/b><span style=\"font-weight: 400;\">. F\u00fcr Liebhaber des Urlaubs in Zelten oder Wohnwagen stehen 250 Stellpl\u00e4tze zur Verf\u00fcgung.<\/span><\/p>\n<p><span style=\"font-weight: 400;\">Wenn Sie nicht \u00fcber die richtige Ausr\u00fcstung verf\u00fcgen oder diese nicht mitbringen m\u00f6chten, aber gleichzeitig nicht auf die typische Campingatmosph\u00e4re verzichten wollen, bietet der <b>Tahiti <\/b>eine hervorragende L\u00f6sung: die <\/span><b>M\u00f6glichkeit, bereits am Stellplatz stehende Wohnwagen zu mieten.<\/b><\/p>\n<p><b>Innerhalb des Campingplatzes befinden sich Trink- und Brauchwasserbrunnen.<\/b>[\/vc_column_text][\/vc_column_inner][vc_column_inner el_class=&#8220;servizi-row-container&#8220; width=&#8220;1\/2&#8243; css=&#8220;.vc_custom_1516882190630{margin-left: 40px !important;}&#8220;]<style type=\"text\/css\" data-type=\"the7_shortcodes-inline-css\">.carousel-shortcode.carousel-shortcode-id-1 .owl-nav a {\n  width: 36px;\n  height: 36px;\n  border-width: 0px;\n  border-style: solid;\n  border-radius: 500px;\n}\n.carousel-shortcode.carousel-shortcode-id-1 .owl-nav a.owl-prev {\n  top: 50%;\n  transform: translateY(calc(-50% + 0px));\n  left: -43px;\n}\n.carousel-shortcode.carousel-shortcode-id-1 .owl-nav a.owl-prev i {\n  padding: 0px 0px 0px 0px;\n}\n.carousel-shortcode.carousel-shortcode-id-1 .owl-nav a.owl-next {\n  top: 50%;\n  transform: translateY(calc(-50% + 0px));\n  right: -43px;\n}\n.carousel-shortcode.carousel-shortcode-id-1 .owl-nav a.owl-next i {\n  padding: 0px 0px 0px 0px;\n}\n.carousel-shortcode.carousel-shortcode-id-1 .owl-nav i {\n  font-size: 18px;\n}\n.carousel-shortcode.carousel-shortcode-id-1 .owl-nav a:not(:hover) i,\n.carousel-shortcode.carousel-shortcode-id-1 .owl-nav a:not(:hover) i:before {\n  color: #ffffff;\n  -webkit-text-fill-color: #ffffff;\n  background: none;\n}\n.carousel-shortcode.carousel-shortcode-id-1 .owl-nav a:hover i,\n.carousel-shortcode.carousel-shortcode-id-1 .owl-nav a:hover i:before {\n  color: rgba(255,255,255,0.75);\n  -webkit-text-fill-color: rgba(255,255,255,0.75);\n  background: none;\n}\n.carousel-shortcode.carousel-shortcode-id-1 .owl-dots {\n  top: calc(100% + 20px);\n  left: 50%;\n  transform: translateX(calc(-50% + 0px));\n}\n.carousel-shortcode.carousel-shortcode-id-1 .owl-dot {\n  width: 10px;\n  height: 10px;\n  margin: 0 8px;\n}\n.bullets-ubax.carousel-shortcode.carousel-shortcode-id-1 .owl-dot.active span {\n  border-color: ;\n}\n@media screen and (max-width: 778px) {\n  .carousel-shortcode.carousel-shortcode-id-1.hide-arrows .owl-nav a {\n    display: none;\n  }\n}\n@media screen and (max-width: 778px) {\n  .carousel-shortcode.carousel-shortcode-id-1.reposition-arrows .owl-nav .owl-prev {\n    top: 50%;\n    transform: translateY(calc(-50% + 0px));\n    left: 10px;\n  }\n  .carousel-shortcode.carousel-shortcode-id-1.reposition-arrows .owl-nav .owl-next {\n    top: 50%;\n    transform: translateY(calc(-50% + 0px));\n    right: 10px;\n  }\n}\n<\/style><div class=\"owl-carousel carousel-shortcode carousel-shortcode-id-1 bullets-small-dot-stroke reposition-arrows arrows-bg-on arrows-hover-bg-on  \" data-scroll-mode=\"1\" data-col-num=\"1\" data-laptop-col=\"1\" data-h-tablet-columns-num=\"1\" data-v-tablet-columns-num=\"2\" data-phone-columns-num=\"1\" data-auto-height=\"true\" data-col-gap=\"30\" data-speed=\"600\" data-autoplay=\"true\" data-autoplay_speed=\"6000\" data-arrows=\"true\" data-bullet=\"false\" data-next-icon=\"icon-ar-018-r\" data-prev-icon=\"icon-ar-018-l\">[vc_single_image image=&#8220;888&#8243; img_size=&#8220;full&#8220;][vc_single_image image=&#8220;1199&#8243; img_size=&#8220;full&#8220;][vc_single_image image=&#8220;890&#8243; img_size=&#8220;full&#8220;]<\/div>[\/vc_column_inner][\/vc_row_inner][\/vc_column][\/vc_row][vc_row full_width=&#8220;stretch_row_content_no_spaces&#8220; css=&#8220;.vc_custom_1523518077523{background-color: #dcd1ab !important;}&#8220;][vc_column][vc_row_inner css=&#8220;.vc_custom_1512140543125{margin-bottom: 0px !important;padding-bottom: 0px !important;}&#8220;][vc_column_inner el_class=&#8220;padding_lr_70_70&#8243; width=&#8220;1\/2&#8243;][vc_empty_space height=&#8220;70&#8243;][vc_column_text]<\/p>\n<h1 style=\"text-align: center; font-size: 34px!important; line-height: 41px!important;\">Wohnwagen mit bis zu 4 + 1 Betten<br \/>\nzur Verf\u00fcgung<\/h1>\n<p style=\"text-align: center;\"><img loading=\"lazy\" decoding=\"async\" class=\"alignnone size-full wp-image-1416\" src=\"http:\/\/www.campeggiotahiti.it\/wp-content\/uploads\/2018\/04\/ok.png\" alt=\"\" width=\"72\" height=\"7\" \/><\/p>\n<p>[\/vc_column_text][vc_column_text]<b>Im Au\u00dfenbereich sind die Wohnwagen mit einer Veranda mit Tisch und St\u00fchlen zum Essen im Freien und einer K\u00fcchenzeile mit Geschirr, Herd und K\u00fchlschrank ausgestattet.<\/b><\/p>\n<p><b>Innen<\/b><span style=\"font-weight: 400;\"> befinden sich zwei Doppelbetten mit der M\u00f6glichkeit, ein f\u00fcnftes Bett zu erg\u00e4nzen. Da es im Wohnwagen kein Badezimmer gibt, k\u00f6nnen Camper die zentralen Toiletten benutzen, die mit kostenlosen warmen Duschen ausgestattet sind und sich in unmittelbarer N\u00e4he befinden. In der N\u00e4he befindet sich auch eine Waschk\u00fcche mit M\u00fcnzwaschmaschinen und M\u00fcnztrocknern. <\/span><\/p>\n<p><b>Auf Wunsch kann Bettw\u00e4sche gemietet werden.<\/b><span style=\"font-weight: 400;\"> Unser <\/span><b>Campingplatz <\/b><span style=\"font-weight: 400;\">verf\u00fcgt \u00fcber einen gro\u00dfen Parkplatz, auf dem Sie Ihr Auto f\u00fcr die Dauer Ihres Urlaubs abstellen k\u00f6nnen.<\/span><\/p>\n<p><span style=\"font-weight: 400;\">Von den Stellpl\u00e4tzen mit Wohnwagen k\u00f6nnen Sie zu Fu\u00df schnell zum Meer gelangen, da der Campingplatz einen <\/span><b>direkten Zugang zum Strand hat.<\/b><\/p>\n<p><b>Das Stadtzentrum von Follonica ist etwa zwei Kilometer entfernt<\/b><span style=\"font-weight: 400;\"> und kann zu Fu\u00df \u00fcber eine sch\u00f6ne Strandpromenade oder mit dem Fahrrad \u00fcber einen bequemen Radweg erreicht werden. Der Campingplatz ist auch mit \u00f6ffentlichen Verkehrsmitteln mit regelm\u00e4\u00dfigen Verbindungen zum Bahnhof und zum Stadtzentrum verbunden.<\/span><\/p>\n<p><span style=\"font-weight: 400;\">Im Inneren des <b>Tahiti <\/b>befindet sich ein <\/span><b>Restaurant mit Blick auf das Meer<\/b><span style=\"font-weight: 400;\">, das eine Speisekarte mit lokalen Spezialit\u00e4ten, Pizzen und Speisen zum Mitnehmen anbietet.<\/span><\/p>\n<p><span style=\"font-weight: 400;\">F\u00fcr Lebensmitteleink\u00e4ufe steht den Campern ein Supermarkt vor Ort zur Verf\u00fcgung. In einem kleinen Basar werden Strandartikel und Campingausr\u00fcstung angeboten und im Bereich der Rezeption sowie im Restaurant gibt es eine <\/span><b>kostenlose WLAN-Verbindung<\/b><span style=\"font-weight: 400;\">.<\/span>[\/vc_column_text][\/vc_column_inner][vc_column_inner width=&#8220;1\/2&#8243;][vc_single_image image=&#8220;348&#8243; img_size=&#8220;full&#8220; css=&#8220;.vc_custom_1512148612184{margin-bottom: 0px !important;padding-bottom: 0px !important;}&#8220;][\/vc_column_inner][\/vc_row_inner][\/vc_column][\/vc_row][vc_row full_width=&#8220;stretch_row_content_no_spaces&#8220;][vc_column el_class=&#8220;padding_lr_130_130&#8243;][vc_empty_space height=&#8220;120&#8243;][vc_column_text]<\/p>\n<h4 style=\"text-align: center;\"><span style=\"color: #1486bf;\">EIN DIREKTER BLICK AUF DEN GOLF VON FOLLONICA<br \/>\n<\/span><\/h4>\n<h1 style=\"text-align: center;\">Besuchen Sie uns und das Meer und die<br \/>\nVergn\u00fcgungen in Follonica werden unvergesslich bleiben<\/h1>\n<p style=\"text-align: center;\"><img loading=\"lazy\" decoding=\"async\" class=\"size-full wp-image-110 aligncenter\" src=\"http:\/\/www.campeggiotahiti.it\/wp-content\/uploads\/2017\/11\/barrette.jpg\" alt=\"\" width=\"74\" height=\"15\" \/><\/p>\n<p>[\/vc_column_text][vc_column_text]<\/p>\n<p style=\"text-align: center;\"><span style=\"font-weight: 400;\">In den Sommermonaten ist Follonica ideal f\u00fcr diejenigen, die einen <\/span><b>Badeurlaub im Meer der Toskana<\/b><span style=\"font-weight: 400;\"> suchen und nicht nur am Strand liegen m\u00f6chten. Einen Spaziergang machen und ein Eis genie\u00dfen, Shopping in den Gesch\u00e4ften des Zentrums, Aperitif-Clubs, Diskotheken, Strandpartys und Musikfestivals. Nicht weit von unserem Campingplatz entfernt k\u00f6nnen Sie auch <\/span><a href=\"http:\/\/www.acquavillage.it\/\"><span style=\"font-weight: 400;\">das Acqua Village<\/span><\/a><span style=\"font-weight: 400;\">, mit dem wir zusammenarbeiten, oder charakteristische mittelalterliche D\u00f6rfer wie <\/span><b>Massa Marittima und Scarlino<\/b><span style=\"font-weight: 400;\"> besuchen und die spektakul\u00e4re Natur zu Fu\u00df oder auf dem Pferd entdecken.<\/span><\/p>\n<p>[\/vc_column_text][vc_empty_space height=&#8220;10px&#8220;][\/vc_column][\/vc_row][vc_row full_width=&#8220;stretch_row_content_no_spaces&#8220; equal_height=&#8220;yes&#8220; disable_element=&#8220;yes&#8220; el_class=&#8220;height_img&#8220; css=&#8220;.vc_custom_1516801466226{margin-top: -20px !important;}&#8220;][vc_column width=&#8220;1\/3&#8243; css=&#8220;.vc_custom_1512033840257{margin-top: 0px !important;margin-right: 2px !important;margin-bottom: 0px !important;margin-left: 0px !important;padding-top: 0px !important;padding-right: 0px !important;padding-bottom: 0px !important;padding-left: 0px !important;}&#8220;]<div id=\"ultib3-168925798369e391ef90f92\" class=\" vc_custom_1512572903478 ultb3-box ult-adjust-bottom-margin banner_2 \" style=\"\"><img decoding=\"async\" src=\"https:\/\/www.campeggiotahiti.it\/wp-content\/uploads\/2017\/11\/4.jpg\" style=\"\" class=\"ultb3-img ultb3-img-top-left\" alt=\"null\"\/><div id=\"Info-banner-wrap3543\" class=\"ultb3-info ib3-info-center\" data-animation=\"\" data-animation-delay=\"03\"><a href=\"http:\/\/www.campeggiotahiti.it\/camping\/\"  class=\"ultb3-btn ult-responsive\"  data-ultimate-target='#Info-banner-wrap3543 .ultb3-btn'  data-responsive-json-new='{\"font-size\":\"desktop:28px;\",\"line-height\":\"\"}'  style=\"font-weight:normal;\">CAMPING<i class=\"Defaults-angle-right\"><\/i><\/a><\/div><\/div><style>\n\t\t\t\t\t#ultib3-168925798369e391ef90f92 {\n\t\t\t\t\t\tmin-height:641px;\n\t\t\t\t\t}\n\t\t\t\t\t#ultib3-168925798369e391ef90f92 img.ultb3-img {\n\t\t\t\t\t\theight: px;\n\t\t\t\t\t}\n\t\t\t\t\t#ultib3-168925798369e391ef90f92 .ultb3-btn {\n\t\t\t\t\t\tborder:0px solid #6d5c15;border-radius:0px;color:#ffffff;\n\t\t\t\t\t}\n\t\t\t\t\t#ultib3-168925798369e391ef90f92 .ultb3-btn:hover {\n\t\t\t\t\t\tbackground:#6d5c15;color:#ffffff;\n\t\t\t\t\t}\n\t\t\t\t<\/style>[vc_single_image image=&#8220;137&#8243; img_size=&#8220;full&#8220; alignment=&#8220;right&#8220; onclick=&#8220;custom_link&#8220; el_class=&#8220;freccia_banner&#8220; link=&#8220;http:\/\/www.campeggiotahiti.it\/camping\/&#8220;][\/vc_column][vc_column width=&#8220;1\/3&#8243; css=&#8220;.vc_custom_1512033860839{margin-top: 0px !important;margin-right: 2px !important;margin-bottom: 0px !important;margin-left: 0px !important;padding-top: 0px !important;padding-right: 0px !important;padding-bottom: 0px !important;padding-left: 0px !important;}&#8220;]<div id=\"ultib3-293081603469e391ef91079\" class=\" vc_custom_1512572914225 ultb3-box ult-adjust-bottom-margin banner_2 \" style=\"\"><img decoding=\"async\" src=\"http:\/\/www.campeggiotahiti.it\/wp-content\/uploads\/2017\/11\/5.jpg\" style=\"\" class=\"ultb3-img ultb3-img-top-left\" alt=\"null\"\/><div id=\"Info-banner-wrap7478\" class=\"ultb3-info ib3-info-center\" data-animation=\"\" data-animation-delay=\"03\"><a href=\"http:\/\/www.campeggiotahiti.it\/bungalow\/\"  class=\"ultb3-btn ult-responsive\"  data-ultimate-target='#Info-banner-wrap7478 .ultb3-btn'  data-responsive-json-new='{\"font-size\":\"desktop:28px;\",\"line-height\":\"\"}'  style=\"font-weight:normal;\">BUNGALOW<i class=\"Defaults-angle-right\"><\/i><\/a><\/div><\/div><style>\n\t\t\t\t\t#ultib3-293081603469e391ef91079 {\n\t\t\t\t\t\tmin-height:641px;\n\t\t\t\t\t}\n\t\t\t\t\t#ultib3-293081603469e391ef91079 img.ultb3-img {\n\t\t\t\t\t\theight: px;\n\t\t\t\t\t}\n\t\t\t\t\t#ultib3-293081603469e391ef91079 .ultb3-btn {\n\t\t\t\t\t\tborder:0px solid #6d5c15;border-radius:0px;color:#ffffff;\n\t\t\t\t\t}\n\t\t\t\t\t#ultib3-293081603469e391ef91079 .ultb3-btn:hover {\n\t\t\t\t\t\tbackground:#6d5c15;color:#ffffff;\n\t\t\t\t\t}\n\t\t\t\t<\/style>[vc_single_image image=&#8220;137&#8243; img_size=&#8220;full&#8220; alignment=&#8220;right&#8220; onclick=&#8220;custom_link&#8220; el_class=&#8220;freccia_banner&#8220; link=&#8220;http:\/\/www.campeggiotahiti.it\/bungalow\/&#8220;][\/vc_column][vc_column width=&#8220;1\/3&#8243; css=&#8220;.vc_custom_1511173367826{padding: 60px !important;background-color: #47a7d7 !important;}&#8220;][vc_empty_space height=&#8220;20px&#8220;][vc_column_text el_class=&#8220;noleggio_bk&#8220;]<\/p>\n<h2 style=\"text-align: center;\"><span style=\"color: #ffffff; font-weight: 100!important;\">NOLEGGIO ROULOTTE<\/span><\/h2>\n<p>[\/vc_column_text][vc_column_text el_class=&#8220;line_height&#8220;]<\/p>\n<p style=\"text-align: center;\"><span style=\"color: #ffffff;\">Lorem ipsum dolor sit amet, consectetur <\/span><br \/>\n<span style=\"color: #ffffff;\">adipiscing elit, sed do eiusmod tempor incididunt <\/span><br \/>\n<span style=\"color: #ffffff;\">ut labore et dolore magna aliqua. Ut enim ad <\/span><br \/>\n<span style=\"color: #ffffff;\">minim veniam, quis nostrud exercitation ullamco <\/span><br \/>\n<span style=\"color: #ffffff;\">laboris nisi ut aliquip ex ea commodo consequat. <\/span><br \/>\n<span style=\"color: #ffffff;\">Duis aute irure dolor in reprehenderit.<\/span><\/p>\n<p>[\/vc_column_text][vc_empty_space]<div class=\" ubtn-ctn-center \"><a class=\"ubtn-link ult-adjust-bottom-margin ubtn-center ubtn-normal \" href=\"http:\/\/www.campeggiotahiti.it\/noleggio-roulotte\/\" ><button type=\"button\" id=\"ubtn-8407\"  class=\"ubtn ult-adjust-bottom-margin ult-responsive ubtn-normal ubtn-no-hover-bg  none  ubtn-center   tooltip-69e391ef910a3\"  data-hover=\"\" data-border-color=\"#ffffff\" data-bg=\"#47a7d7\" data-hover-bg=\"\" data-border-hover=\"\" data-shadow-hover=\"\" data-shadow-click=\"none\" data-shadow=\"\" data-shd-shadow=\"\"  data-ultimate-target='#ubtn-8407'  data-responsive-json-new='{\"font-size\":\"desktop:19px;\",\"line-height\":\"\"}'  style=\"font-weight:normal;border-radius:px;border-width:2px;border-color:#ffffff;border-style:solid;background: #47a7d7;color: #ffffff;\"><span class=\"ubtn-hover\" style=\"background-color:\"><\/span><span class=\"ubtn-data ubtn-text \" >A PARTIRE DA \u20ac 25,00<\/span><\/button><\/a><\/div>[\/vc_column][\/vc_row][vc_row full_width=&#8220;stretch_row_content_no_spaces&#8220;][vc_column el_class=&#8220;padding_lr_130_130&#8243;][vc_column_text]<\/p>\n<p style=\"text-align: center;\"><span style=\"font-weight: 400;\">Die nahe gelegene <\/span><b>Stadt Follonica<\/b><span style=\"font-weight: 400;\"> stellt w\u00e4hrend des Sommers einen reichen Veranstaltungskalender bereit und bietet in der Umgebung viele Unterhaltungseinrichtungen f\u00fcr alle Altersgruppen.<\/span><span style=\"font-weight: 400;\"><br \/>\n<\/span><b>Wasser- und Erlebnisparks, Tanzclubs, Musikfestivals und vieles mehr.<\/b><\/p>\n<p>[\/vc_column_text][vc_empty_space height=&#8220;90&#8243;][\/vc_column][\/vc_row][vc_row css=&#8220;.vc_custom_1511175617568{margin-bottom: -140px !important;}&#8220;][vc_column width=&#8220;1\/12&#8243;][\/vc_column][vc_column width=&#8220;10\/12&#8243;][vc_row_inner css=&#8220;.vc_custom_1523360547896{padding-right: 50px !important;padding-left: 50px !important;background-color: #f7a10c !important;}&#8220;][vc_column_inner width=&#8220;2\/3&#8243;][vc_column_text]<span style=\"font-size: 24pt; color: #ffffff;\">ABONNIEREN SIE UNSEREN NEWSLETTER <\/span><\/p>\n<p><span style=\"color: #ffffff;\">UM \u00dcBER NEUIGKEITEN UND ANGEBOTE INFORMIERT ZU WERDEN<\/span>[\/vc_column_text][\/vc_column_inner][vc_column_inner width=&#8220;1\/3&#8243;]<div class=\" vc_custom_1523522688148 ubtn-ctn-right \"><a class=\"ubtn-link ult-adjust-bottom-margin ubtn-right ubtn-normal \" href=\"http:\/\/www.campeggiotahiti.it\/iscrizione-newsletter\/\" ><button type=\"button\" id=\"ubtn-5980\"  class=\"ubtn ult-adjust-bottom-margin ult-responsive ubtn-normal ubtn-no-hover-bg  none  ubtn-right   tooltip-69e391ef910c8\"  data-hover=\"\" data-border-color=\"\" data-bg=\"#ffffff\" data-hover-bg=\"\" data-border-hover=\"\" data-shadow-hover=\"\" data-shadow-click=\"none\" data-shadow=\"\" data-shd-shadow=\"\"  data-ultimate-target='#ubtn-5980'  data-responsive-json-new='{\"font-size\":\"\",\"line-height\":\"\"}'  style=\"font-weight:normal;border:none;background: #ffffff;color: #0c0c0c;\"><span class=\"ubtn-hover\" style=\"background-color:\"><\/span><span class=\"ubtn-data ubtn-text \" >MELDEN SIE SICH AN<\/span><\/button><\/a><\/div>[\/vc_column_inner][\/vc_row_inner][\/vc_column][vc_column width=&#8220;1\/12&#8243;][\/vc_column][\/vc_row]<\/p>\n<\/div>","protected":false},"excerpt":{"rendered":"<p>[vc_row full_width=&#8220;stretch_row_content_no_spaces&#8220; content_placement=&#8220;middle&#8220; bg_type=&#8220;image&#8220; bg_override=&#8220;full&#8220; css=&#8220;.vc_custom_1512145774060{background-image: url(http:\/\/www.campeggiotahiti.it\/wp-content\/uploads\/2017\/12\/noleggio-roulote-header.jpg?id=334) !important;background-position: center !important;background-repeat: no-repeat !important;background-size: contain !important;}&#8220; el_class=&#8220;page-header&#8220;][vc_column][vc_row_inner][vc_column_inner][vc_column_text] WOHNWAGEN-VERMIETUNG [\/vc_column_text][\/vc_column_inner][\/vc_row_inner][\/vc_column][\/vc_row][vc_row full_width=&#8220;stretch_row_content_no_spaces&#8220;][vc_column el_class=&#8220;padding_lr_130_130&#8243;][vc_empty_space height=&#8220;60px&#8220;][vc_column_text] CAMPING AM MEER IN DER TOSKANA Mieten Sie Ihren Wohnwagen gleich auf dem Campingplatz Tahiti, um Ihren Urlaub am Meer zu verbringen [\/vc_column_text][vc_empty_space height=&#8220;40px&#8220;][\/vc_column][\/vc_row][vc_row full_width=&#8220;stretch_row_content_no_spaces&#8220;][vc_column el_class=&#8220;padding_lr_130_130&#8243;][vc_row_inner][vc_column_inner width=&#8220;1\/2&#8243;][vc_column_text]Der Campingplatz Tahiti, eingebettet in einen wundersch\u00f6nen Pinienwald, der&hellip;<\/p>\n","protected":false},"author":2,"featured_media":0,"parent":0,"menu_order":0,"comment_status":"closed","ping_status":"closed","template":"","meta":[],"class_list":["post-1456","page","type-page","status-publish","hentry","description-off"],"_links":{"self":[{"href":"https:\/\/www.campeggiotahiti.it\/de\/wp-json\/wp\/v2\/pages\/1456","targetHints":{"allow":["GET"]}}],"collection":[{"href":"https:\/\/www.campeggiotahiti.it\/de\/wp-json\/wp\/v2\/pages"}],"about":[{"href":"https:\/\/www.campeggiotahiti.it\/de\/wp-json\/wp\/v2\/types\/page"}],"author":[{"embeddable":true,"href":"https:\/\/www.campeggiotahiti.it\/de\/wp-json\/wp\/v2\/users\/2"}],"replies":[{"embeddable":true,"href":"https:\/\/www.campeggiotahiti.it\/de\/wp-json\/wp\/v2\/comments?post=1456"}],"version-history":[{"count":3,"href":"https:\/\/www.campeggiotahiti.it\/de\/wp-json\/wp\/v2\/pages\/1456\/revisions"}],"predecessor-version":[{"id":1563,"href":"https:\/\/www.campeggiotahiti.it\/de\/wp-json\/wp\/v2\/pages\/1456\/revisions\/1563"}],"wp:attachment":[{"href":"https:\/\/www.campeggiotahiti.it\/de\/wp-json\/wp\/v2\/media?parent=1456"}],"curies":[{"name":"wp","href":"https:\/\/api.w.org\/{rel}","templated":true}]}}